{"id":7341,"date":"2018-06-06T14:52:35","date_gmt":"2018-06-06T12:52:35","guid":{"rendered":"http:\/\/www.ftcmexico.com\/partnership\/"},"modified":"2022-11-05T10:44:13","modified_gmt":"2022-11-05T09:44:13","slug":"partnership","status":"publish","type":"page","link":"https:\/\/www.ftcmexico.com\/en\/company\/partnership\/","title":{"rendered":"Partnership"},"content":{"rendered":"<div class=\"wpb-content-wrapper\"><p>[vc_row][vc_column][vc_single_image image=&#8221;8188&#8243; img_size=&#8221;full&#8221; alignment=&#8221;center&#8221; css=&#8221;.vc_custom_1529919716905{margin-bottom: 0px !important;}&#8221;][\/vc_column][\/vc_row][vc_row content_placement=&#8221;top&#8221; css=&#8221;.vc_custom_1523953825332{margin-bottom: 30px !important;}&#8221;][vc_column][vc_custom_heading text=&#8221;The history of the Group&#8221; font_container=&#8221;tag:h3|text_align:left|color:%23474747&#8243; google_fonts=&#8221;font_family:Montserrat%3Aregular%2C700|font_style:700%20bold%20regular%3A700%3Anormal&#8221;][vc_empty_space height=&#8221;10px&#8221;][vc_separator color=&#8221;custom&#8221; align=&#8221;align_left&#8221; border_width=&#8221;2&#8243; el_width=&#8221;10&#8243; accent_color=&#8221;#474747&#8243; css=&#8221;.vc_custom_1523968345201{margin-top: 0px !important;margin-bottom: 0px !important;padding-top: 0px !important;padding-bottom: 0px !important;}&#8221;][vc_empty_space height=&#8221;10px&#8221;][vc_column_text]<\/p>\n<p style=\"text-align: justify;\">The desire to aggregate small yet productive businesses that could become a good alternative to the big industry was born in the &#8217;90s. In the past years, the CSF Inox Group first purchased Bardiani, a manufacturer of sanitary valves. This was followed by OMAC, the only Italian manufacturer of a complete range of volumetric lobe pumps. Recently, the Group purchased MBS, specializing in heat exchangers with corrugated tube. As of 2019, the Group counts 300 employees and a turnover of over 75 million euro.<\/p>\n<p>[\/vc_column_text][vc_custom_heading text=&#8221;Our values&#8221; font_container=&#8221;tag:h3|text_align:left|color:%23474747&#8243; google_fonts=&#8221;font_family:Montserrat%3Aregular%2C700|font_style:700%20bold%20regular%3A700%3Anormal&#8221;][vc_empty_space height=&#8221;10px&#8221;][vc_separator color=&#8221;custom&#8221; align=&#8221;align_left&#8221; border_width=&#8221;2&#8243; el_width=&#8221;10&#8243; accent_color=&#8221;#474747&#8243; css=&#8221;.vc_custom_1523968345201{margin-top: 0px !important;margin-bottom: 0px !important;padding-top: 0px !important;padding-bottom: 0px !important;}&#8221;][vc_empty_space height=&#8221;10px&#8221;][vc_column_text]<\/p>\n<p style=\"text-align: justify;\">Although we never lose sight of a policy of expansion, our main focus are people with their values and needs. It is no coincidence that we are known worldwide for the relationship that we establish with customers, suppliers and employees. This principle has allowed us to strengthen the excellent relations we established over the years and to increase the trust that people place in our work. In our facilities, no matter where they are, a part of our heart is Italian.<\/p>\n<p>[\/vc_column_text][vc_custom_heading text=&#8221;Together we are stronger&#8221; font_container=&#8221;tag:h3|text_align:left|color:%23474747&#8243; google_fonts=&#8221;font_family:Montserrat%3Aregular%2C700|font_style:700%20bold%20regular%3A700%3Anormal&#8221;][vc_empty_space height=&#8221;10px&#8221;][vc_separator color=&#8221;custom&#8221; align=&#8221;align_left&#8221; border_width=&#8221;2&#8243; el_width=&#8221;10&#8243; accent_color=&#8221;#474747&#8243; css=&#8221;.vc_custom_1523968345201{margin-top: 0px !important;margin-bottom: 0px !important;padding-top: 0px !important;padding-bottom: 0px !important;}&#8221;][vc_empty_space height=&#8221;10px&#8221;][vc_column_text]<\/p>\n<p style=\"text-align: justify;\">The CSF Inox Group proudly caters to highly selective and demanding customers from industrial sectors characterized by advanced technologies and constantly evolving high-level quality. The CSF Inox Group offers to the market two key points: quality products and the highest level of operational flexibility. This second point, difficult for large multinational companies to achieve, is one of the group&#8217;s attractive features. This is reached through a constant search for innovation in terms of product and technology, with internal processes and services offered. Competitiveness, industrial policy, innovation and development of human resources are parts of a single business model referenced by our Group.<\/p>\n<p>[\/vc_column_text][\/vc_column][\/vc_row][vc_row][vc_column][vc_separator][vc_single_image image=&#8221;7868&#8243; img_size=&#8221;medium&#8221; alignment=&#8221;center&#8221;][\/vc_column][\/vc_row][vc_row equal_height=&#8221;yes&#8221; content_placement=&#8221;middle&#8221; css=&#8221;.vc_custom_1529049780236{margin-bottom: 30px !important;}&#8221;][vc_column width=&#8221;1\/2&#8243;][vc_custom_heading text=&#8221;Valves&#8221; font_container=&#8221;tag:h3|text_align:left|color:%23474747&#8243; google_fonts=&#8221;font_family:Montserrat%3Aregular%2C700|font_style:700%20bold%20regular%3A700%3Anormal&#8221;][vc_empty_space height=&#8221;10px&#8221;][vc_separator color=&#8221;custom&#8221; align=&#8221;align_left&#8221; border_width=&#8221;2&#8243; el_width=&#8221;10&#8243; accent_color=&#8221;#474747&#8243; css=&#8221;.vc_custom_1523968345201{margin-top: 0px !important;margin-bottom: 0px !important;padding-top: 0px !important;padding-bottom: 0px !important;}&#8221;][vc_empty_space height=&#8221;10px&#8221;][vc_column_text]<\/p>\n<p style=\"text-align: justify;\">Bardiani Valvole Spa is an important Italian company based in Fornovo Taro that designs, manufactures and sells valves from its Italian headquarters to more than 80 countries. They are used in the dairy, food and beverage industry as well as pharmaceutical and cosmetics industries. The combination of technology, customization and attention to service makes Bardiani Valvole a unique supplier in terms of production flexibility and responsiveness to customer needs.<\/p>\n<p>[\/vc_column_text][vc_btn title=&#8221;VISIT THE WEBSITE&#8221; style=&#8221;outline-custom&#8221; outline_custom_color=&#8221;#474747&#8243; outline_custom_hover_background=&#8221;#474747&#8243; outline_custom_hover_text=&#8221;#ffffff&#8221; shape=&#8221;square&#8221; size=&#8221;lg&#8221; align=&#8221;left&#8221; i_icon_fontawesome=&#8221;fa fa-angle-right&#8221; add_icon=&#8221;true&#8221; link=&#8221;url:https%3A%2F%2Fwww.bardiani.com||target:%20_blank|&#8221;][\/vc_column][vc_column width=&#8221;1\/2&#8243;][vc_single_image image=&#8221;7853&#8243; img_size=&#8221;full&#8221; alignment=&#8221;center&#8221;][\/vc_column][\/vc_row][vc_row][vc_column][vc_separator][vc_single_image image=&#8221;11730&#8243; img_size=&#8221;medium&#8221; alignment=&#8221;center&#8221;][\/vc_column][\/vc_row][vc_row equal_height=&#8221;yes&#8221; content_placement=&#8221;middle&#8221; css=&#8221;.vc_custom_1529049780236{margin-bottom: 30px !important;}&#8221;][vc_column width=&#8221;1\/2&#8243;][vc_custom_heading text=&#8221;Pumps&#8221; font_container=&#8221;tag:h3|text_align:left|color:%23474747&#8243; google_fonts=&#8221;font_family:Montserrat%3Aregular%2C700|font_style:700%20bold%20regular%3A700%3Anormal&#8221;][vc_empty_space height=&#8221;10px&#8221;][vc_separator color=&#8221;custom&#8221; align=&#8221;align_left&#8221; border_width=&#8221;2&#8243; el_width=&#8221;10&#8243; accent_color=&#8221;#474747&#8243; css=&#8221;.vc_custom_1523968345201{margin-top: 0px !important;margin-bottom: 0px !important;padding-top: 0px !important;padding-bottom: 0px !important;}&#8221;][vc_empty_space height=&#8221;10px&#8221;][vc_column_text]<\/p>\n<p style=\"text-align: justify;\">CSF Inox Spa was founded in 1970 in Montecchio Emilia, a small town in the Emilia Romagna region. Today it has become one of world leaders in the manufacture of hygienic pumps for the food industry. The company is synonymous with quality, and it is present on the international market with a very comprehensive range of products that meet the needs of various processes and applications in the food, beverages, pharmaceutical and cosmetic industries, as well as related sectors.<\/p>\n<p>[\/vc_column_text][vc_btn title=&#8221;VISIT THE WEBSITE&#8221; style=&#8221;outline-custom&#8221; outline_custom_color=&#8221;#474747&#8243; outline_custom_hover_background=&#8221;#474747&#8243; outline_custom_hover_text=&#8221;#ffffff&#8221; shape=&#8221;square&#8221; size=&#8221;lg&#8221; align=&#8221;left&#8221; i_icon_fontawesome=&#8221;fa fa-angle-right&#8221; add_icon=&#8221;true&#8221; link=&#8221;url:https%3A%2F%2Fwww.csf.it%2Fen%2F||target:%20_blank|&#8221;][\/vc_column][vc_column width=&#8221;1\/2&#8243;][vc_single_image image=&#8221;8164&#8243; img_size=&#8221;full&#8221; alignment=&#8221;center&#8221;][\/vc_column][\/vc_row][vc_row][vc_column][vc_separator][vc_single_image image=&#8221;9189&#8243; img_size=&#8221;medium&#8221; alignment=&#8221;center&#8221;][\/vc_column][\/vc_row][vc_row equal_height=&#8221;yes&#8221; content_placement=&#8221;middle&#8221; css=&#8221;.vc_custom_1529049780236{margin-bottom: 30px !important;}&#8221;][vc_column width=&#8221;1\/2&#8243;][vc_custom_heading text=&#8221;Heat exchangers&#8221; font_container=&#8221;tag:h3|text_align:left|color:%23474747&#8243; google_fonts=&#8221;font_family:Montserrat%3Aregular%2C700|font_style:700%20bold%20regular%3A700%3Anormal&#8221;][vc_empty_space height=&#8221;10px&#8221;][vc_separator color=&#8221;custom&#8221; align=&#8221;align_left&#8221; border_width=&#8221;2&#8243; el_width=&#8221;10&#8243; accent_color=&#8221;#474747&#8243; css=&#8221;.vc_custom_1523968345201{margin-top: 0px !important;margin-bottom: 0px !important;padding-top: 0px !important;padding-bottom: 0px !important;}&#8221;][vc_empty_space height=&#8221;10px&#8221;][vc_column_text]<\/p>\n<p style=\"text-align: justify;\">MBS srl specializes in the production of hygienic heat exchangers with corrugated tube and scraped surface exchangers. It was founded in 1995 by a team of experts in collaboration with the University of Parma. It is known for its vast expertise in the field heat transfer for the food, pharmaceutical and beverages industries. In addition to the flexibility and experience in processing stainless steel and precious alloys, MBS provides optimal solutions to customers\u2019 requirements.<\/p>\n<p>[\/vc_column_text][vc_btn title=&#8221;VISIT THE WEBSITE&#8221; style=&#8221;outline-custom&#8221; outline_custom_color=&#8221;#474747&#8243; outline_custom_hover_background=&#8221;#474747&#8243; outline_custom_hover_text=&#8221;#ffffff&#8221; shape=&#8221;square&#8221; size=&#8221;lg&#8221; align=&#8221;left&#8221; i_icon_fontawesome=&#8221;fa fa-angle-right&#8221; add_icon=&#8221;true&#8221; link=&#8221;url:https%3A%2F%2Fwww.mbs-europe.com%2Fen%2F||target:%20_blank|&#8221;][\/vc_column][vc_column width=&#8221;1\/2&#8243;][vc_single_image image=&#8221;7856&#8243; img_size=&#8221;full&#8221; alignment=&#8221;center&#8221;][\/vc_column][\/vc_row][vc_row][vc_column][vc_separator][vc_single_image image=&#8221;9191&#8243; img_size=&#8221;medium&#8221; alignment=&#8221;center&#8221;][\/vc_column][\/vc_row][vc_row equal_height=&#8221;yes&#8221; content_placement=&#8221;middle&#8221; css=&#8221;.vc_custom_1529049780236{margin-bottom: 30px !important;}&#8221;][vc_column width=&#8221;1\/2&#8243;][vc_custom_heading text=&#8221;Volumetric lobe pumps&#8221; font_container=&#8221;tag:h3|text_align:left|color:%23474747&#8243; google_fonts=&#8221;font_family:Montserrat%3Aregular%2C700|font_style:700%20bold%20regular%3A700%3Anormal&#8221;][vc_empty_space height=&#8221;10px&#8221;][vc_separator color=&#8221;custom&#8221; align=&#8221;align_left&#8221; border_width=&#8221;2&#8243; el_width=&#8221;10&#8243; accent_color=&#8221;#474747&#8243; css=&#8221;.vc_custom_1523968345201{margin-top: 0px !important;margin-bottom: 0px !important;padding-top: 0px !important;padding-bottom: 0px !important;}&#8221;][vc_empty_space height=&#8221;10px&#8221;][vc_column_text]<\/p>\n<p style=\"text-align: justify;\">OMAC srl is the only Italian company specialized in the production of lobe volumetric pumps in stainless steel and precious alloys such as Hastelloy, Monel and Titanium. OMAC has acquired extensive experience working with leading companies in the food, chemical, cosmetic and pharmaceutical sectors. In fact, it is known around the world as one of the main producers of lobe pumps.<\/p>\n<p>[\/vc_column_text][vc_btn title=&#8221;VISIT THE WEBSITE&#8221; style=&#8221;outline-custom&#8221; outline_custom_color=&#8221;#474747&#8243; outline_custom_hover_background=&#8221;#474747&#8243; outline_custom_hover_text=&#8221;#ffffff&#8221; shape=&#8221;square&#8221; size=&#8221;lg&#8221; align=&#8221;left&#8221; i_icon_fontawesome=&#8221;&#8221; add_icon=&#8221;true&#8221; link=&#8221;url:http%3A%2F%2Fwww.omacpompe.com%2Fen|target:_blank&#8221;][\/vc_column][vc_column width=&#8221;1\/2&#8243;][vc_single_image image=&#8221;7859&#8243; img_size=&#8221;full&#8221;][\/vc_column][\/vc_row]<\/p>\n<\/div>","protected":false},"excerpt":{"rendered":"<p>[vc_row][vc_column][vc_single_image image=&#8221;8188&#8243; img_size=&#8221;full&#8221; alignment=&#8221;center&#8221; css=&#8221;.vc_custom_1529919716905{margin-bottom: 0px !important;}&#8221;][\/vc_column][\/vc_row][vc_row content_placement=&#8221;top&#8221; css=&#8221;.vc_custom_1523953825332{margin-bottom: 30px !important;}&#8221;][vc_column][vc_custom_heading text=&#8221;The history of the Group&#8221; font_container=&#8221;tag:h3|text_align:left|color:%23474747&#8243; google_fonts=&#8221;font_family:Montserrat%3Aregular%2C700|font_style:700%20bold%20regular%3A700%3Anormal&#8221;][vc_empty_space height=&#8221;10px&#8221;][vc_separator color=&#8221;custom&#8221; align=&#8221;align_left&#8221; border_width=&#8221;2&#8243; el_width=&#8221;10&#8243; accent_color=&#8221;#474747&#8243; css=&#8221;.vc_custom_1523968345201{margin-top: 0px !important;margin-bottom: 0px !important;padding-top: 0px !important;padding-bottom: 0px !important;}&#8221;][vc_empty_space height=&#8221;10px&#8221;][vc_column_text] The desire to aggregate small yet &hellip;<\/p>\n","protected":false},"author":1,"featured_media":0,"parent":7359,"menu_order":0,"comment_status":"closed","ping_status":"closed","template":"","meta":{"_acf_changed":false,"_joinchat":[],"footnotes":""},"class_list":["post-7341","page","type-page","status-publish","hentry"],"acf":[],"yoast_head":"<!-- This site is optimized with the Yoast SEO Premium plugin v26.0 (Yoast SEO v27.4) - https:\/\/yoast.com\/product\/yoast-seo-premium-wordpress\/ -->\n<title>Gruppo CSF Inox - Produzione pompe centrifughe, pompe volumetriche<\/title>\n<meta name=\"description\" content=\"Produzione pompe centrifughe, pompe volumetriche, pompe industriali con modelli di pompe centrifughe per acqua per l&#039;industria e diverse applicazioni\" \/>\n<meta name=\"robots\" content=\"index, follow, max-snippet:-1, max-image-preview:large, max-video-preview:-1\" \/>\n<link rel=\"canonical\" href=\"https:\/\/www.ftcmexico.com\/en\/company\/partnership\/\" \/>\n<meta property=\"og:locale\" content=\"en_US\" \/>\n<meta property=\"og:type\" content=\"article\" \/>\n<meta property=\"og:title\" content=\"Partnership\" \/>\n<meta property=\"og:description\" content=\"Produzione pompe centrifughe, pompe volumetriche, pompe industriali con modelli di pompe centrifughe per acqua per l&#039;industria e diverse applicazioni\" \/>\n<meta property=\"og:url\" content=\"https:\/\/www.ftcmexico.com\/en\/company\/partnership\/\" \/>\n<meta property=\"og:site_name\" content=\"Bombas v\u00e1lvulas intercambiadores de calor | FTC M\u00e9xico\" \/>\n<meta property=\"article:modified_time\" content=\"2022-11-05T09:44:13+00:00\" \/>\n<meta name=\"twitter:card\" content=\"summary_large_image\" \/>\n<meta name=\"twitter:label1\" content=\"Est. reading time\" \/>\n\t<meta name=\"twitter:data1\" content=\"5 minutes\" \/>\n<script type=\"application\/ld+json\" class=\"yoast-schema-graph\">{\"@context\":\"https:\\\/\\\/schema.org\",\"@graph\":[{\"@type\":\"WebPage\",\"@id\":\"https:\\\/\\\/www.ftcmexico.com\\\/en\\\/company\\\/partnership\\\/\",\"url\":\"https:\\\/\\\/www.ftcmexico.com\\\/en\\\/company\\\/partnership\\\/\",\"name\":\"Gruppo CSF Inox - Produzione pompe centrifughe, pompe volumetriche\",\"isPartOf\":{\"@id\":\"https:\\\/\\\/www.ftcmexico.com\\\/#website\"},\"datePublished\":\"2018-06-06T12:52:35+00:00\",\"dateModified\":\"2022-11-05T09:44:13+00:00\",\"description\":\"Produzione pompe centrifughe, pompe volumetriche, pompe industriali con modelli di pompe centrifughe per acqua per l'industria e diverse applicazioni\",\"breadcrumb\":{\"@id\":\"https:\\\/\\\/www.ftcmexico.com\\\/en\\\/company\\\/partnership\\\/#breadcrumb\"},\"inLanguage\":\"en-US\",\"potentialAction\":[{\"@type\":\"ReadAction\",\"target\":[\"https:\\\/\\\/www.ftcmexico.com\\\/en\\\/company\\\/partnership\\\/\"]}]},{\"@type\":\"BreadcrumbList\",\"@id\":\"https:\\\/\\\/www.ftcmexico.com\\\/en\\\/company\\\/partnership\\\/#breadcrumb\",\"itemListElement\":[{\"@type\":\"ListItem\",\"position\":1,\"name\":\"Home\",\"item\":\"https:\\\/\\\/www.ftcmexico.com\\\/en\\\/\"},{\"@type\":\"ListItem\",\"position\":2,\"name\":\"Company\",\"item\":\"https:\\\/\\\/www.ftcmexico.com\\\/en\\\/company\\\/\"},{\"@type\":\"ListItem\",\"position\":3,\"name\":\"Partnership\"}]},{\"@type\":\"WebSite\",\"@id\":\"https:\\\/\\\/www.ftcmexico.com\\\/#website\",\"url\":\"https:\\\/\\\/www.ftcmexico.com\\\/\",\"name\":\"Distribuidores en Mexico y Centroamerica de Valvulas Bardiani, Bombas centr\u00edfugas y volum\u00e9tricas marca CSF y bombas de l\u00f3bulos marca OMAC, intercambiadores de calor marca MBS para la industria\",\"description\":\"Pompe centrifughe, volumetriche ed accessori\",\"publisher\":{\"@id\":\"https:\\\/\\\/www.ftcmexico.com\\\/#organization\"},\"potentialAction\":[{\"@type\":\"SearchAction\",\"target\":{\"@type\":\"EntryPoint\",\"urlTemplate\":\"https:\\\/\\\/www.ftcmexico.com\\\/?s={search_term_string}\"},\"query-input\":{\"@type\":\"PropertyValueSpecification\",\"valueRequired\":true,\"valueName\":\"search_term_string\"}}],\"inLanguage\":\"en-US\"},{\"@type\":\"Organization\",\"@id\":\"https:\\\/\\\/www.ftcmexico.com\\\/#organization\",\"name\":\"FLOW TECHNOLOGIES COMPONENTS MEXICO\",\"url\":\"https:\\\/\\\/www.ftcmexico.com\\\/\",\"logo\":{\"@type\":\"ImageObject\",\"inLanguage\":\"en-US\",\"@id\":\"https:\\\/\\\/www.ftcmexico.com\\\/#\\\/schema\\\/logo\\\/image\\\/\",\"url\":\"https:\\\/\\\/www.ftcmexico.com\\\/wp-content\\\/uploads\\\/2019\\\/06\\\/log-ftc-2.png\",\"contentUrl\":\"https:\\\/\\\/www.ftcmexico.com\\\/wp-content\\\/uploads\\\/2019\\\/06\\\/log-ftc-2.png\",\"width\":251,\"height\":92,\"caption\":\"FLOW TECHNOLOGIES COMPONENTS MEXICO\"},\"image\":{\"@id\":\"https:\\\/\\\/www.ftcmexico.com\\\/#\\\/schema\\\/logo\\\/image\\\/\"},\"sameAs\":[\"https:\\\/\\\/www.linkedin.com\\\/company\\\/flow-technology-components-mexico\"]}]}<\/script>\n<!-- \/ Yoast SEO Premium plugin. -->","yoast_head_json":{"title":"Gruppo CSF Inox - Produzione pompe centrifughe, pompe volumetriche","description":"Produzione pompe centrifughe, pompe volumetriche, pompe industriali con modelli di pompe centrifughe per acqua per l'industria e diverse applicazioni","robots":{"index":"index","follow":"follow","max-snippet":"max-snippet:-1","max-image-preview":"max-image-preview:large","max-video-preview":"max-video-preview:-1"},"canonical":"https:\/\/www.ftcmexico.com\/en\/company\/partnership\/","og_locale":"en_US","og_type":"article","og_title":"Partnership","og_description":"Produzione pompe centrifughe, pompe volumetriche, pompe industriali con modelli di pompe centrifughe per acqua per l'industria e diverse applicazioni","og_url":"https:\/\/www.ftcmexico.com\/en\/company\/partnership\/","og_site_name":"Bombas v\u00e1lvulas intercambiadores de calor | FTC M\u00e9xico","article_modified_time":"2022-11-05T09:44:13+00:00","twitter_card":"summary_large_image","twitter_misc":{"Est. reading time":"5 minutes"},"schema":{"@context":"https:\/\/schema.org","@graph":[{"@type":"WebPage","@id":"https:\/\/www.ftcmexico.com\/en\/company\/partnership\/","url":"https:\/\/www.ftcmexico.com\/en\/company\/partnership\/","name":"Gruppo CSF Inox - Produzione pompe centrifughe, pompe volumetriche","isPartOf":{"@id":"https:\/\/www.ftcmexico.com\/#website"},"datePublished":"2018-06-06T12:52:35+00:00","dateModified":"2022-11-05T09:44:13+00:00","description":"Produzione pompe centrifughe, pompe volumetriche, pompe industriali con modelli di pompe centrifughe per acqua per l'industria e diverse applicazioni","breadcrumb":{"@id":"https:\/\/www.ftcmexico.com\/en\/company\/partnership\/#breadcrumb"},"inLanguage":"en-US","potentialAction":[{"@type":"ReadAction","target":["https:\/\/www.ftcmexico.com\/en\/company\/partnership\/"]}]},{"@type":"BreadcrumbList","@id":"https:\/\/www.ftcmexico.com\/en\/company\/partnership\/#breadcrumb","itemListElement":[{"@type":"ListItem","position":1,"name":"Home","item":"https:\/\/www.ftcmexico.com\/en\/"},{"@type":"ListItem","position":2,"name":"Company","item":"https:\/\/www.ftcmexico.com\/en\/company\/"},{"@type":"ListItem","position":3,"name":"Partnership"}]},{"@type":"WebSite","@id":"https:\/\/www.ftcmexico.com\/#website","url":"https:\/\/www.ftcmexico.com\/","name":"Distribuidores en Mexico y Centroamerica de Valvulas Bardiani, Bombas centr\u00edfugas y volum\u00e9tricas marca CSF y bombas de l\u00f3bulos marca OMAC, intercambiadores de calor marca MBS para la industria","description":"Pompe centrifughe, volumetriche ed accessori","publisher":{"@id":"https:\/\/www.ftcmexico.com\/#organization"},"potentialAction":[{"@type":"SearchAction","target":{"@type":"EntryPoint","urlTemplate":"https:\/\/www.ftcmexico.com\/?s={search_term_string}"},"query-input":{"@type":"PropertyValueSpecification","valueRequired":true,"valueName":"search_term_string"}}],"inLanguage":"en-US"},{"@type":"Organization","@id":"https:\/\/www.ftcmexico.com\/#organization","name":"FLOW TECHNOLOGIES COMPONENTS MEXICO","url":"https:\/\/www.ftcmexico.com\/","logo":{"@type":"ImageObject","inLanguage":"en-US","@id":"https:\/\/www.ftcmexico.com\/#\/schema\/logo\/image\/","url":"https:\/\/www.ftcmexico.com\/wp-content\/uploads\/2019\/06\/log-ftc-2.png","contentUrl":"https:\/\/www.ftcmexico.com\/wp-content\/uploads\/2019\/06\/log-ftc-2.png","width":251,"height":92,"caption":"FLOW TECHNOLOGIES COMPONENTS MEXICO"},"image":{"@id":"https:\/\/www.ftcmexico.com\/#\/schema\/logo\/image\/"},"sameAs":["https:\/\/www.linkedin.com\/company\/flow-technology-components-mexico"]}]}},"_links":{"self":[{"href":"https:\/\/www.ftcmexico.com\/en\/wp-json\/wp\/v2\/pages\/7341","targetHints":{"allow":["GET"]}}],"collection":[{"href":"https:\/\/www.ftcmexico.com\/en\/wp-json\/wp\/v2\/pages"}],"about":[{"href":"https:\/\/www.ftcmexico.com\/en\/wp-json\/wp\/v2\/types\/page"}],"author":[{"embeddable":true,"href":"https:\/\/www.ftcmexico.com\/en\/wp-json\/wp\/v2\/users\/1"}],"replies":[{"embeddable":true,"href":"https:\/\/www.ftcmexico.com\/en\/wp-json\/wp\/v2\/comments?post=7341"}],"version-history":[{"count":46,"href":"https:\/\/www.ftcmexico.com\/en\/wp-json\/wp\/v2\/pages\/7341\/revisions"}],"predecessor-version":[{"id":14221,"href":"https:\/\/www.ftcmexico.com\/en\/wp-json\/wp\/v2\/pages\/7341\/revisions\/14221"}],"up":[{"embeddable":true,"href":"https:\/\/www.ftcmexico.com\/en\/wp-json\/wp\/v2\/pages\/7359"}],"wp:attachment":[{"href":"https:\/\/www.ftcmexico.com\/en\/wp-json\/wp\/v2\/media?parent=7341"}],"curies":[{"name":"wp","href":"https:\/\/api.w.org\/{rel}","templated":true}]}}