{"id":7342,"date":"2018-06-06T12:24:47","date_gmt":"2018-06-06T10:24:47","guid":{"rendered":"http:\/\/www.ftcmexico.com\/certificazioni\/"},"modified":"2020-03-31T12:08:48","modified_gmt":"2020-03-31T10:08:48","slug":"certifications","status":"publish","type":"page","link":"https:\/\/www.ftcmexico.com\/en\/company\/certifications\/","title":{"rendered":"Certifications"},"content":{"rendered":"<div class=\"wpb-content-wrapper\"><p>[vc_row content_placement=&#8221;middle&#8221; css=&#8221;.vc_custom_1523968879464{margin-bottom: 30px !important;}&#8221;][vc_column][vc_custom_heading text=&#8221;CSF Inox quality policy&#8221; font_container=&#8221;tag:h2|text_align:left|color:%23474747&#8243; google_fonts=&#8221;font_family:Montserrat%3Aregular%2C700|font_style:700%20bold%20regular%3A700%3Anormal&#8221;][vc_column_text css=&#8221;.vc_custom_1585649102481{margin-bottom: 10px !important;}&#8221;]<\/p>\n<p style=\"text-align: left;\"><span style=\"font-size: 18px;\"><strong>Customer satisfaction always comes before everything else<\/strong><\/span><\/p>\n<p>[\/vc_column_text][vc_separator color=&#8221;custom&#8221; align=&#8221;align_left&#8221; border_width=&#8221;2&#8243; el_width=&#8221;10&#8243; accent_color=&#8221;#474747&#8243; css=&#8221;.vc_custom_1529317042930{margin-top: 0px !important;margin-bottom: 0px !important;padding-top: 0px !important;padding-bottom: 0px !important;}&#8221;][vc_column_text css=&#8221;.vc_custom_1585649148168{margin-top: 20px !important;margin-bottom: 10px !important;}&#8221;]<\/p>\n<p style=\"text-align: justify;\">CSF Inox has always been particularly in meeting the needs of its customers. With the aim to establishing a continuous improvement process in terms of products, customer service and production process, the management has introduced Quality Control, which has evolved into a comprehensive quality assurance system. The quality assurance system establishes rules of conduct, responsibilities and objectives at all operational levels for the quality of the product and the service, to ensure compliance with the technical-qualitative requirements of the products.<\/p>\n<p>[\/vc_column_text][\/vc_column][\/vc_row][vc_row css=&#8221;.vc_custom_1582803389761{margin-bottom: 20px !important;}&#8221;][vc_column][vc_custom_heading text=&#8221;Bardiani Valves Certifications&#8221; font_container=&#8221;tag:h3|text_align:left|color:%23bf397b&#8221; google_fonts=&#8221;font_family:Montserrat%3Aregular%2C700|font_style:700%20bold%20regular%3A700%3Anormal&#8221; css=&#8221;.vc_custom_1585649295590{margin-top: 10px !important;}&#8221;][\/vc_column][\/vc_row][vc_row css=&#8221;.vc_custom_1582803432472{padding-bottom: 30px !important;}&#8221;][vc_column width=&#8221;1\/5&#8243;][vc_single_image image=&#8221;12459&#8243; img_size=&#8221;full&#8221; alignment=&#8221;center&#8221;][\/vc_column][vc_column width=&#8221;1\/5&#8243;][vc_single_image image=&#8221;12464&#8243; img_size=&#8221;full&#8221; alignment=&#8221;center&#8221;][\/vc_column][vc_column width=&#8221;1\/5&#8243;][vc_single_image image=&#8221;12469&#8243; img_size=&#8221;full&#8221; alignment=&#8221;center&#8221;][\/vc_column][vc_column width=&#8221;1\/5&#8243;][\/vc_column][vc_column width=&#8221;1\/5&#8243;][\/vc_column][\/vc_row][vc_row css=&#8221;.vc_custom_1582803389761{margin-bottom: 20px !important;}&#8221;][vc_column][vc_custom_heading text=&#8221;Csf Inox Certifications&#8221; font_container=&#8221;tag:h3|text_align:left|color:%23bf397b&#8221; google_fonts=&#8221;font_family:Montserrat%3Aregular%2C700|font_style:700%20bold%20regular%3A700%3Anormal&#8221; css=&#8221;.vc_custom_1585649302730{margin-top: 10px !important;}&#8221;][\/vc_column][\/vc_row][vc_row css=&#8221;.vc_custom_1582803432472{padding-bottom: 30px !important;}&#8221;][vc_column width=&#8221;1\/5&#8243;][vc_single_image image=&#8221;12459&#8243; img_size=&#8221;full&#8221; alignment=&#8221;center&#8221;][\/vc_column][vc_column width=&#8221;1\/5&#8243;][vc_single_image image=&#8221;12464&#8243; img_size=&#8221;full&#8221; alignment=&#8221;center&#8221;][\/vc_column][vc_column width=&#8221;1\/5&#8243;][vc_single_image image=&#8221;12469&#8243; img_size=&#8221;full&#8221; alignment=&#8221;center&#8221;][\/vc_column][vc_column width=&#8221;1\/5&#8243;][vc_single_image image=&#8221;12417&#8243; img_size=&#8221;full&#8221; alignment=&#8221;center&#8221;][\/vc_column][vc_column width=&#8221;1\/5&#8243;][\/vc_column][\/vc_row][vc_row css=&#8221;.vc_custom_1582803389761{margin-bottom: 20px !important;}&#8221;][vc_column][vc_custom_heading text=&#8221;Mbs Europe Certifications&#8221; font_container=&#8221;tag:h3|text_align:left|color:%23bf397b&#8221; google_fonts=&#8221;font_family:Montserrat%3Aregular%2C700|font_style:700%20bold%20regular%3A700%3Anormal&#8221; css=&#8221;.vc_custom_1585649309250{margin-top: 10px !important;}&#8221;][\/vc_column][\/vc_row][vc_row css=&#8221;.vc_custom_1582803432472{padding-bottom: 30px !important;}&#8221;][vc_column width=&#8221;1\/5&#8243;][vc_single_image image=&#8221;12459&#8243; img_size=&#8221;full&#8221; alignment=&#8221;center&#8221;][\/vc_column][vc_column width=&#8221;1\/5&#8243;][vc_single_image image=&#8221;12417&#8243; img_size=&#8221;full&#8221; alignment=&#8221;center&#8221;][\/vc_column][vc_column width=&#8221;1\/5&#8243;][vc_single_image image=&#8221;12469&#8243; img_size=&#8221;full&#8221; alignment=&#8221;center&#8221;][\/vc_column][vc_column width=&#8221;1\/5&#8243;][\/vc_column][vc_column width=&#8221;1\/5&#8243;][\/vc_column][\/vc_row][vc_row css=&#8221;.vc_custom_1582803389761{margin-bottom: 20px !important;}&#8221;][vc_column][vc_custom_heading text=&#8221;Omac Certifications&#8221; font_container=&#8221;tag:h3|text_align:left|color:%23bf397b&#8221; google_fonts=&#8221;font_family:Montserrat%3Aregular%2C700|font_style:700%20bold%20regular%3A700%3Anormal&#8221; css=&#8221;.vc_custom_1585649315704{margin-top: 10px !important;}&#8221;][\/vc_column][\/vc_row][vc_row equal_height=&#8221;yes&#8221; content_placement=&#8221;middle&#8221; css=&#8221;.vc_custom_1582811102199{padding-bottom: 30px !important;}&#8221;][vc_column width=&#8221;1\/5&#8243;][vc_single_image image=&#8221;12459&#8243; img_size=&#8221;full&#8221; alignment=&#8221;center&#8221;][\/vc_column][vc_column width=&#8221;1\/5&#8243;][vc_single_image image=&#8221;12464&#8243; img_size=&#8221;full&#8221; alignment=&#8221;center&#8221;][\/vc_column][vc_column width=&#8221;1\/5&#8243;][vc_single_image image=&#8221;12469&#8243; img_size=&#8221;full&#8221; alignment=&#8221;center&#8221;][\/vc_column][vc_column width=&#8221;1\/4&#8243;][vc_single_image image=&#8221;12495&#8243; img_size=&#8221;full&#8221; alignment=&#8221;center&#8221;][\/vc_column][\/vc_row][vc_row css=&#8221;.vc_custom_1582803389761{margin-bottom: 20px !important;}&#8221;][vc_column][vc_custom_heading text=&#8221;Fbf Italia Certifications&#8221; font_container=&#8221;tag:h3|text_align:left|color:%23bf397b&#8221; google_fonts=&#8221;font_family:Montserrat%3Aregular%2C700|font_style:700%20bold%20regular%3A700%3Anormal&#8221; css=&#8221;.vc_custom_1585649323519{margin-top: 10px !important;}&#8221;][\/vc_column][\/vc_row][vc_row css=&#8221;.vc_custom_1582803432472{padding-bottom: 30px !important;}&#8221;][vc_column width=&#8221;1\/5&#8243;][vc_single_image image=&#8221;12469&#8243; img_size=&#8221;full&#8221; alignment=&#8221;center&#8221;][\/vc_column][vc_column width=&#8221;1\/5&#8243;][\/vc_column][vc_column width=&#8221;1\/5&#8243;][\/vc_column][vc_column width=&#8221;1\/5&#8243;][\/vc_column][vc_column width=&#8221;1\/5&#8243;][\/vc_column][\/vc_row][vc_row css=&#8221;.vc_custom_1528282198307{margin-bottom: 45px !important;}&#8221;][vc_column][vc_custom_heading text=&#8221;The key points of quality policy&#8221; font_container=&#8221;tag:h3|text_align:left|color:%23474747&#8243; google_fonts=&#8221;font_family:Montserrat%3Aregular%2C700|font_style:700%20bold%20regular%3A700%3Anormal&#8221; css=&#8221;.vc_custom_1585649180750{margin-top: 10px !important;}&#8221;][vc_separator color=&#8221;custom&#8221; align=&#8221;align_left&#8221; border_width=&#8221;2&#8243; el_width=&#8221;10&#8243; accent_color=&#8221;#474747&#8243; css=&#8221;.vc_custom_1529317057145{margin-top: 0px !important;margin-bottom: 0px !important;padding-top: 0px !important;padding-bottom: 0px !important;}&#8221;][vc_column_text css=&#8221;.vc_custom_1585649238397{margin-top: 20px !important;margin-bottom: 10px !important;}&#8221;]<span style=\"font-size: 16px;\">1. Provide competitive, reliable and safe products.<br \/>\n2. Skills and flexibility to meet customer needs also with customized solutions.<\/span><br \/>\n<span style=\"font-size: 16px;\">3. Thorough support service in selection of the product and after sales <\/span><br \/>\n<span style=\"font-size: 16px;\">4. Speedy delivery and compliance.<\/span>[\/vc_column_text][vc_empty_space][vc_separator][vc_column_text css=&#8221;.vc_custom_1585649256046{margin-top: 20px !important;margin-bottom: 20px !important;}&#8221;]<\/p>\n<p style=\"text-align: justify;\"><em><span style=\"font-size: 18px;\">The quality assurance system requires a systematic collection of data, to periodically assess the achievement of the objectives of the quality policy, according to a continuous improvement strategy. Aware of the market demand, CSF Inox decided to certify the same quality assurance system carried out in compliance with UNI EN ISO 9001 and achieved this important result in 1996.<\/span><\/em><\/p>\n<p>[\/vc_column_text][vc_separator][\/vc_column][\/vc_row]<\/p>\n<\/div>","protected":false},"excerpt":{"rendered":"<p>[vc_row content_placement=&#8221;middle&#8221; css=&#8221;.vc_custom_1523968879464{margin-bottom: 30px !important;}&#8221;][vc_column][vc_custom_heading text=&#8221;CSF Inox quality policy&#8221; font_container=&#8221;tag:h2|text_align:left|color:%23474747&#8243; google_fonts=&#8221;font_family:Montserrat%3Aregular%2C700|font_style:700%20bold%20regular%3A700%3Anormal&#8221;][vc_column_text css=&#8221;.vc_custom_1585649102481{margin-bottom: 10px !important;}&#8221;] Customer satisfaction always comes before everything else [\/vc_column_text][vc_separator color=&#8221;custom&#8221; align=&#8221;align_left&#8221; border_width=&#8221;2&#8243; el_width=&#8221;10&#8243; accent_color=&#8221;#474747&#8243; css=&#8221;.vc_custom_1529317042930{margin-top: 0px !important;margin-bottom: 0px !important;padding-top: 0px !important;padding-bottom: 0px !important;}&#8221;][vc_column_text css=&#8221;.vc_custom_1585649148168{margin-top: 20px !important;margin-bottom: 10px &hellip;<\/p>\n","protected":false},"author":1,"featured_media":0,"parent":7359,"menu_order":0,"comment_status":"closed","ping_status":"closed","template":"","meta":{"_acf_changed":false,"_joinchat":[],"footnotes":""},"class_list":["post-7342","page","type-page","status-publish","hentry"],"acf":[],"yoast_head":"<!-- This site is optimized with the Yoast SEO Premium plugin v26.0 (Yoast SEO v27.4) - https:\/\/yoast.com\/product\/yoast-seo-premium-wordpress\/ -->\n<title>Certifications - Bombas v\u00e1lvulas intercambiadores de calor | FTC M\u00e9xico<\/title>\n<meta name=\"description\" content=\"Pumps valves lobe pumps heat exchangers, hygienic components for the food, beverage and pharmaceutical industries. Ftc M\u00e9xico\" \/>\n<meta name=\"robots\" content=\"index, follow, max-snippet:-1, max-image-preview:large, max-video-preview:-1\" \/>\n<link rel=\"canonical\" href=\"https:\/\/www.ftcmexico.com\/en\/company\/certifications\/\" \/>\n<meta property=\"og:locale\" content=\"en_US\" \/>\n<meta property=\"og:type\" content=\"article\" \/>\n<meta property=\"og:title\" content=\"Certifications\" \/>\n<meta property=\"og:description\" content=\"Pumps valves lobe pumps heat exchangers, hygienic components for the food, beverage and pharmaceutical industries. Ftc M\u00e9xico\" \/>\n<meta property=\"og:url\" content=\"https:\/\/www.ftcmexico.com\/en\/company\/certifications\/\" \/>\n<meta property=\"og:site_name\" content=\"Bombas v\u00e1lvulas intercambiadores de calor | FTC M\u00e9xico\" \/>\n<meta property=\"article:modified_time\" content=\"2020-03-31T10:08:48+00:00\" \/>\n<meta name=\"twitter:card\" content=\"summary_large_image\" \/>\n<meta name=\"twitter:label1\" content=\"Est. reading time\" \/>\n\t<meta name=\"twitter:data1\" content=\"5 minutes\" \/>\n<script type=\"application\/ld+json\" class=\"yoast-schema-graph\">{\"@context\":\"https:\\\/\\\/schema.org\",\"@graph\":[{\"@type\":\"WebPage\",\"@id\":\"https:\\\/\\\/www.ftcmexico.com\\\/en\\\/company\\\/certifications\\\/\",\"url\":\"https:\\\/\\\/www.ftcmexico.com\\\/en\\\/company\\\/certifications\\\/\",\"name\":\"Certifications - Bombas v\u00e1lvulas intercambiadores de calor | FTC M\u00e9xico\",\"isPartOf\":{\"@id\":\"https:\\\/\\\/www.ftcmexico.com\\\/#website\"},\"datePublished\":\"2018-06-06T10:24:47+00:00\",\"dateModified\":\"2020-03-31T10:08:48+00:00\",\"description\":\"Pumps valves lobe pumps heat exchangers, hygienic components for the food, beverage and pharmaceutical industries. Ftc M\u00e9xico\",\"breadcrumb\":{\"@id\":\"https:\\\/\\\/www.ftcmexico.com\\\/en\\\/company\\\/certifications\\\/#breadcrumb\"},\"inLanguage\":\"en-US\",\"potentialAction\":[{\"@type\":\"ReadAction\",\"target\":[\"https:\\\/\\\/www.ftcmexico.com\\\/en\\\/company\\\/certifications\\\/\"]}]},{\"@type\":\"BreadcrumbList\",\"@id\":\"https:\\\/\\\/www.ftcmexico.com\\\/en\\\/company\\\/certifications\\\/#breadcrumb\",\"itemListElement\":[{\"@type\":\"ListItem\",\"position\":1,\"name\":\"Home\",\"item\":\"https:\\\/\\\/www.ftcmexico.com\\\/en\\\/\"},{\"@type\":\"ListItem\",\"position\":2,\"name\":\"Company\",\"item\":\"https:\\\/\\\/www.ftcmexico.com\\\/en\\\/company\\\/\"},{\"@type\":\"ListItem\",\"position\":3,\"name\":\"Certifications\"}]},{\"@type\":\"WebSite\",\"@id\":\"https:\\\/\\\/www.ftcmexico.com\\\/#website\",\"url\":\"https:\\\/\\\/www.ftcmexico.com\\\/\",\"name\":\"Distribuidores en Mexico y Centroamerica de Valvulas Bardiani, Bombas centr\u00edfugas y volum\u00e9tricas marca CSF y bombas de l\u00f3bulos marca OMAC, intercambiadores de calor marca MBS para la industria\",\"description\":\"Pompe centrifughe, volumetriche ed accessori\",\"publisher\":{\"@id\":\"https:\\\/\\\/www.ftcmexico.com\\\/#organization\"},\"potentialAction\":[{\"@type\":\"SearchAction\",\"target\":{\"@type\":\"EntryPoint\",\"urlTemplate\":\"https:\\\/\\\/www.ftcmexico.com\\\/?s={search_term_string}\"},\"query-input\":{\"@type\":\"PropertyValueSpecification\",\"valueRequired\":true,\"valueName\":\"search_term_string\"}}],\"inLanguage\":\"en-US\"},{\"@type\":\"Organization\",\"@id\":\"https:\\\/\\\/www.ftcmexico.com\\\/#organization\",\"name\":\"FLOW TECHNOLOGIES COMPONENTS MEXICO\",\"url\":\"https:\\\/\\\/www.ftcmexico.com\\\/\",\"logo\":{\"@type\":\"ImageObject\",\"inLanguage\":\"en-US\",\"@id\":\"https:\\\/\\\/www.ftcmexico.com\\\/#\\\/schema\\\/logo\\\/image\\\/\",\"url\":\"https:\\\/\\\/www.ftcmexico.com\\\/wp-content\\\/uploads\\\/2019\\\/06\\\/log-ftc-2.png\",\"contentUrl\":\"https:\\\/\\\/www.ftcmexico.com\\\/wp-content\\\/uploads\\\/2019\\\/06\\\/log-ftc-2.png\",\"width\":251,\"height\":92,\"caption\":\"FLOW TECHNOLOGIES COMPONENTS MEXICO\"},\"image\":{\"@id\":\"https:\\\/\\\/www.ftcmexico.com\\\/#\\\/schema\\\/logo\\\/image\\\/\"},\"sameAs\":[\"https:\\\/\\\/www.linkedin.com\\\/company\\\/flow-technology-components-mexico\"]}]}<\/script>\n<!-- \/ Yoast SEO Premium plugin. -->","yoast_head_json":{"title":"Certifications - Bombas v\u00e1lvulas intercambiadores de calor | FTC M\u00e9xico","description":"Pumps valves lobe pumps heat exchangers, hygienic components for the food, beverage and pharmaceutical industries. Ftc M\u00e9xico","robots":{"index":"index","follow":"follow","max-snippet":"max-snippet:-1","max-image-preview":"max-image-preview:large","max-video-preview":"max-video-preview:-1"},"canonical":"https:\/\/www.ftcmexico.com\/en\/company\/certifications\/","og_locale":"en_US","og_type":"article","og_title":"Certifications","og_description":"Pumps valves lobe pumps heat exchangers, hygienic components for the food, beverage and pharmaceutical industries. Ftc M\u00e9xico","og_url":"https:\/\/www.ftcmexico.com\/en\/company\/certifications\/","og_site_name":"Bombas v\u00e1lvulas intercambiadores de calor | FTC M\u00e9xico","article_modified_time":"2020-03-31T10:08:48+00:00","twitter_card":"summary_large_image","twitter_misc":{"Est. reading time":"5 minutes"},"schema":{"@context":"https:\/\/schema.org","@graph":[{"@type":"WebPage","@id":"https:\/\/www.ftcmexico.com\/en\/company\/certifications\/","url":"https:\/\/www.ftcmexico.com\/en\/company\/certifications\/","name":"Certifications - Bombas v\u00e1lvulas intercambiadores de calor | FTC M\u00e9xico","isPartOf":{"@id":"https:\/\/www.ftcmexico.com\/#website"},"datePublished":"2018-06-06T10:24:47+00:00","dateModified":"2020-03-31T10:08:48+00:00","description":"Pumps valves lobe pumps heat exchangers, hygienic components for the food, beverage and pharmaceutical industries. Ftc M\u00e9xico","breadcrumb":{"@id":"https:\/\/www.ftcmexico.com\/en\/company\/certifications\/#breadcrumb"},"inLanguage":"en-US","potentialAction":[{"@type":"ReadAction","target":["https:\/\/www.ftcmexico.com\/en\/company\/certifications\/"]}]},{"@type":"BreadcrumbList","@id":"https:\/\/www.ftcmexico.com\/en\/company\/certifications\/#breadcrumb","itemListElement":[{"@type":"ListItem","position":1,"name":"Home","item":"https:\/\/www.ftcmexico.com\/en\/"},{"@type":"ListItem","position":2,"name":"Company","item":"https:\/\/www.ftcmexico.com\/en\/company\/"},{"@type":"ListItem","position":3,"name":"Certifications"}]},{"@type":"WebSite","@id":"https:\/\/www.ftcmexico.com\/#website","url":"https:\/\/www.ftcmexico.com\/","name":"Distribuidores en Mexico y Centroamerica de Valvulas Bardiani, Bombas centr\u00edfugas y volum\u00e9tricas marca CSF y bombas de l\u00f3bulos marca OMAC, intercambiadores de calor marca MBS para la industria","description":"Pompe centrifughe, volumetriche ed accessori","publisher":{"@id":"https:\/\/www.ftcmexico.com\/#organization"},"potentialAction":[{"@type":"SearchAction","target":{"@type":"EntryPoint","urlTemplate":"https:\/\/www.ftcmexico.com\/?s={search_term_string}"},"query-input":{"@type":"PropertyValueSpecification","valueRequired":true,"valueName":"search_term_string"}}],"inLanguage":"en-US"},{"@type":"Organization","@id":"https:\/\/www.ftcmexico.com\/#organization","name":"FLOW TECHNOLOGIES COMPONENTS MEXICO","url":"https:\/\/www.ftcmexico.com\/","logo":{"@type":"ImageObject","inLanguage":"en-US","@id":"https:\/\/www.ftcmexico.com\/#\/schema\/logo\/image\/","url":"https:\/\/www.ftcmexico.com\/wp-content\/uploads\/2019\/06\/log-ftc-2.png","contentUrl":"https:\/\/www.ftcmexico.com\/wp-content\/uploads\/2019\/06\/log-ftc-2.png","width":251,"height":92,"caption":"FLOW TECHNOLOGIES COMPONENTS MEXICO"},"image":{"@id":"https:\/\/www.ftcmexico.com\/#\/schema\/logo\/image\/"},"sameAs":["https:\/\/www.linkedin.com\/company\/flow-technology-components-mexico"]}]}},"_links":{"self":[{"href":"https:\/\/www.ftcmexico.com\/en\/wp-json\/wp\/v2\/pages\/7342","targetHints":{"allow":["GET"]}}],"collection":[{"href":"https:\/\/www.ftcmexico.com\/en\/wp-json\/wp\/v2\/pages"}],"about":[{"href":"https:\/\/www.ftcmexico.com\/en\/wp-json\/wp\/v2\/types\/page"}],"author":[{"embeddable":true,"href":"https:\/\/www.ftcmexico.com\/en\/wp-json\/wp\/v2\/users\/1"}],"replies":[{"embeddable":true,"href":"https:\/\/www.ftcmexico.com\/en\/wp-json\/wp\/v2\/comments?post=7342"}],"version-history":[{"count":21,"href":"https:\/\/www.ftcmexico.com\/en\/wp-json\/wp\/v2\/pages\/7342\/revisions"}],"predecessor-version":[{"id":13428,"href":"https:\/\/www.ftcmexico.com\/en\/wp-json\/wp\/v2\/pages\/7342\/revisions\/13428"}],"up":[{"embeddable":true,"href":"https:\/\/www.ftcmexico.com\/en\/wp-json\/wp\/v2\/pages\/7359"}],"wp:attachment":[{"href":"https:\/\/www.ftcmexico.com\/en\/wp-json\/wp\/v2\/media?parent=7342"}],"curies":[{"name":"wp","href":"https:\/\/api.w.org\/{rel}","templated":true}]}}