{"id":7343,"date":"2018-06-06T11:46:45","date_gmt":"2018-06-06T09:46:45","guid":{"rendered":"http:\/\/www.ftcmexico.com\/servizio-qualita\/"},"modified":"2020-03-31T12:16:47","modified_gmt":"2020-03-31T10:16:47","slug":"quality-service","status":"publish","type":"page","link":"https:\/\/www.ftcmexico.com\/en\/company\/quality-service\/","title":{"rendered":"Quality service"},"content":{"rendered":"<div class=\"wpb-content-wrapper\"><p>[vc_row content_placement=&#8221;middle&#8221; css=&#8221;.vc_custom_1523968879464{margin-bottom: 30px !important;}&#8221;][vc_column][vc_custom_heading text=&#8221;The key points of quality policy&#8221; font_container=&#8221;tag:h2|text_align:left|color:%23474747&#8243; google_fonts=&#8221;font_family:Montserrat%3Aregular%2C700|font_style:700%20bold%20regular%3A700%3Anormal&#8221;][vc_column_text css=&#8221;.vc_custom_1585649418665{margin-bottom: 10px !important;}&#8221;]<\/p>\n<p style=\"text-align: left;\"><span style=\"font-size: 18px;\"><strong>In short, we can summarize the general criteria established to ensure compliance with the quality policy according to these points:<\/strong><\/span><\/p>\n<p>[\/vc_column_text][\/vc_column][\/vc_row][vc_row equal_height=&#8221;yes&#8221; content_placement=&#8221;middle&#8221; css=&#8221;.vc_custom_1528279941412{margin-bottom: 30px !important;}&#8221;][vc_column width=&#8221;1\/2&#8243; el_class=&#8221;invert-column-mobile&#8221;][vc_single_image image=&#8221;7932&#8243; img_size=&#8221;full&#8221; alignment=&#8221;center&#8221; css=&#8221;.vc_custom_1529323995622{margin-top: 0px !important;margin-bottom: 0px !important;padding-top: 0px !important;padding-bottom: 0px !important;}&#8221;][\/vc_column][vc_column width=&#8221;1\/2&#8243;][vc_custom_heading text=&#8221;Organization and personnel&#8221; font_container=&#8221;tag:h3|text_align:left|color:%23474747&#8243; google_fonts=&#8221;font_family:Montserrat%3Aregular%2C700|font_style:700%20bold%20regular%3A700%3Anormal&#8221;][vc_empty_space height=&#8221;10px&#8221;][vc_separator color=&#8221;custom&#8221; align=&#8221;align_left&#8221; border_width=&#8221;2&#8243; el_width=&#8221;10&#8243; accent_color=&#8221;#474747&#8243; css=&#8221;.vc_custom_1523968345201{margin-top: 0px !important;margin-bottom: 0px !important;padding-top: 0px !important;padding-bottom: 0px !important;}&#8221;][vc_empty_space height=&#8221;10px&#8221;][vc_column_text]<\/p>\n<p style=\"text-align: justify;\">\u2022 Agile and efficient organization, with well-defined levels of competence and responsibility.<\/p>\n<p style=\"text-align: justify;\">\u2022 Constant training and refresher programmes for all operations personnel.<\/p>\n<p>[\/vc_column_text][\/vc_column][\/vc_row][vc_row][vc_column][vc_separator][\/vc_column][\/vc_row][vc_row equal_height=&#8221;yes&#8221; content_placement=&#8221;middle&#8221; css=&#8221;.vc_custom_1528279941412{margin-bottom: 30px !important;}&#8221;][\/vc_row][vc_row equal_height=&#8221;yes&#8221; content_placement=&#8221;middle&#8221; css=&#8221;.vc_custom_1528279941412{margin-bottom: 30px !important;}&#8221;][vc_column width=&#8221;1\/2&#8243;][vc_custom_heading text=&#8221;Quality and project development&#8221; font_container=&#8221;tag:h3|text_align:left|color:%23474747&#8243; google_fonts=&#8221;font_family:Montserrat%3Aregular%2C700|font_style:700%20bold%20regular%3A700%3Anormal&#8221;][vc_empty_space height=&#8221;10px&#8221;][vc_separator color=&#8221;custom&#8221; align=&#8221;align_left&#8221; border_width=&#8221;2&#8243; el_width=&#8221;10&#8243; accent_color=&#8221;#474747&#8243; css=&#8221;.vc_custom_1523968345201{margin-top: 0px !important;margin-bottom: 0px !important;padding-top: 0px !important;padding-bottom: 0px !important;}&#8221;][vc_empty_space height=&#8221;10px&#8221;][vc_column_text]<\/p>\n<p style=\"text-align: justify;\">\u2022 Project supported by a data processing system, and developed according to precise work plans to verify the development phases for every new product.<\/p>\n<p style=\"text-align: justify;\">\u2022 Careful analysis of the information and the experiences learnt on the market, of customers\u2019 requests, to develop each new product according to market trends.<\/p>\n<p style=\"text-align: justify;\">\u2022 In-depth testing performed during development of prototypes.<\/p>\n<p>[\/vc_column_text][\/vc_column][vc_column width=&#8221;1\/2&#8243;][vc_single_image image=&#8221;7237&#8243; img_size=&#8221;full&#8221; alignment=&#8221;center&#8221; css=&#8221;.vc_custom_1528280340954{margin-top: 0px !important;margin-bottom: 0px !important;padding-top: 0px !important;padding-bottom: 0px !important;}&#8221;][\/vc_column][\/vc_row][vc_row][vc_column][vc_separator][\/vc_column][\/vc_row][vc_row][\/vc_row][vc_row equal_height=&#8221;yes&#8221; content_placement=&#8221;middle&#8221; css=&#8221;.vc_custom_1528279490847{margin-bottom: 30px !important;}&#8221;][vc_column width=&#8221;1\/2&#8243; el_class=&#8221;invert-column-mobile&#8221;][vc_single_image image=&#8221;7227&#8243; img_size=&#8221;full&#8221; alignment=&#8221;center&#8221; css=&#8221;.vc_custom_1528279472237{margin-top: 0px !important;margin-bottom: 0px !important;padding-top: 0px !important;padding-bottom: 0px !important;}&#8221;][\/vc_column][vc_column width=&#8221;1\/2&#8243;][vc_custom_heading text=&#8221;Sales and Marketing&#8221; font_container=&#8221;tag:h3|text_align:left|color:%23474747&#8243; google_fonts=&#8221;font_family:Montserrat%3Aregular%2C700|font_style:700%20bold%20regular%3A700%3Anormal&#8221;][vc_empty_space height=&#8221;10px&#8221;][vc_separator color=&#8221;custom&#8221; align=&#8221;align_left&#8221; border_width=&#8221;2&#8243; el_width=&#8221;10&#8243; accent_color=&#8221;#474747&#8243; css=&#8221;.vc_custom_1523968345201{margin-top: 0px !important;margin-bottom: 0px !important;padding-top: 0px !important;padding-bottom: 0px !important;}&#8221;][vc_empty_space height=&#8221;10px&#8221;][vc_column_text]<\/p>\n<p style=\"text-align: justify;\">\u2022 Precise selection of the product to meet all customer\u2019s needs and an efficient after sales service.<\/p>\n<p style=\"text-align: justify;\">\u2022 Market research to monitor the evolution of the market and technology, develop new products and new markets, and always offer the latest to our customers.<\/p>\n<p style=\"text-align: justify;\">\u2022 Efficient management of requests in order to ensure quick and timely deliveries<\/p>\n<p style=\"text-align: justify;\">\u2022 Maximum flexibility in production (motors and components) and collaboration with the customers to guarantee great customization.<\/p>\n<p>[\/vc_column_text][\/vc_column][\/vc_row][vc_row][vc_column][vc_separator][\/vc_column][\/vc_row][vc_row equal_height=&#8221;yes&#8221; content_placement=&#8221;middle&#8221; css=&#8221;.vc_custom_1528279637118{margin-bottom: 30px !important;}&#8221;][vc_column width=&#8221;1\/2&#8243;][vc_custom_heading text=&#8221;Suppliers and production&#8221; font_container=&#8221;tag:h3|text_align:left|color:%23474747&#8243; google_fonts=&#8221;font_family:Montserrat%3Aregular%2C700|font_style:700%20bold%20regular%3A700%3Anormal&#8221;][vc_empty_space height=&#8221;10px&#8221;][vc_separator color=&#8221;custom&#8221; align=&#8221;align_left&#8221; border_width=&#8221;2&#8243; el_width=&#8221;10&#8243; accent_color=&#8221;#474747&#8243; css=&#8221;.vc_custom_1523968345201{margin-top: 0px !important;margin-bottom: 0px !important;padding-top: 0px !important;padding-bottom: 0px !important;}&#8221;][vc_empty_space height=&#8221;10px&#8221;][vc_column_text]<\/p>\n<p style=\"text-align: justify;\">\u2022 Careful selection of strategic suppliers, which work closely with our technicians, according to precise quality requirements.<\/p>\n<p style=\"text-align: justify;\">\u2022 Modern production technologies to ensure maximum accuracy in processing, with maximum business efficiency.<\/p>\n<p style=\"text-align: justify;\">\u2022 Production planned and controlled by modern computer systems, to know in real time the progress of the order.<\/p>\n<p style=\"text-align: justify;\">\u2022 Tests and pre established checks at every stage of the process, considered essential to ensure compliance with all the technical and qualitative requirements of each product.<\/p>\n<p>[\/vc_column_text][\/vc_column][vc_column width=&#8221;1\/2&#8243;][vc_single_image image=&#8221;7935&#8243; img_size=&#8221;full&#8221; alignment=&#8221;center&#8221; css=&#8221;.vc_custom_1529324133523{margin-top: 0px !important;margin-bottom: 0px !important;padding-top: 0px !important;padding-bottom: 0px !important;}&#8221;][\/vc_column][\/vc_row]<\/p>\n<\/div>","protected":false},"excerpt":{"rendered":"<p>[vc_row content_placement=&#8221;middle&#8221; css=&#8221;.vc_custom_1523968879464{margin-bottom: 30px !important;}&#8221;][vc_column][vc_custom_heading text=&#8221;The key points of quality policy&#8221; font_container=&#8221;tag:h2|text_align:left|color:%23474747&#8243; google_fonts=&#8221;font_family:Montserrat%3Aregular%2C700|font_style:700%20bold%20regular%3A700%3Anormal&#8221;][vc_column_text css=&#8221;.vc_custom_1585649418665{margin-bottom: 10px !important;}&#8221;] In short, we can summarize the general criteria established to ensure compliance with the quality policy according to these points: [\/vc_column_text][\/vc_column][\/vc_row][vc_row equal_height=&#8221;yes&#8221; content_placement=&#8221;middle&#8221; css=&#8221;.vc_custom_1528279941412{margin-bottom: &hellip;<\/p>\n","protected":false},"author":1,"featured_media":0,"parent":7359,"menu_order":0,"comment_status":"closed","ping_status":"closed","template":"","meta":{"_acf_changed":false,"_joinchat":[],"footnotes":""},"class_list":["post-7343","page","type-page","status-publish","hentry"],"acf":[],"yoast_head":"<!-- This site is optimized with the Yoast SEO Premium plugin v26.0 (Yoast SEO v27.4) - https:\/\/yoast.com\/product\/yoast-seo-premium-wordpress\/ -->\n<title>Produzione pompe industriali centrifughe e volumetriche per varie applicazioni<\/title>\n<meta name=\"description\" content=\"Produzione pompe industriali CSF Inox SpA Pompe centrifughe e volumetriche per varie applicazioni per l\u2019industria alimentare, farmaceutica e settore bevande\" \/>\n<meta name=\"robots\" content=\"index, follow, max-snippet:-1, max-image-preview:large, max-video-preview:-1\" \/>\n<link rel=\"canonical\" href=\"https:\/\/www.ftcmexico.com\/en\/company\/quality-service\/\" \/>\n<meta property=\"og:locale\" content=\"en_US\" \/>\n<meta property=\"og:type\" content=\"article\" \/>\n<meta property=\"og:title\" content=\"Quality service\" \/>\n<meta property=\"og:description\" content=\"Produzione pompe industriali CSF Inox SpA Pompe centrifughe e volumetriche per varie applicazioni per l\u2019industria alimentare, farmaceutica e settore bevande\" \/>\n<meta property=\"og:url\" content=\"https:\/\/www.ftcmexico.com\/en\/company\/quality-service\/\" \/>\n<meta property=\"og:site_name\" content=\"Bombas v\u00e1lvulas intercambiadores de calor | FTC M\u00e9xico\" \/>\n<meta property=\"article:modified_time\" content=\"2020-03-31T10:16:47+00:00\" \/>\n<meta name=\"twitter:card\" content=\"summary_large_image\" \/>\n<meta name=\"twitter:label1\" content=\"Est. reading time\" \/>\n\t<meta name=\"twitter:data1\" content=\"4 minutes\" \/>\n<script type=\"application\/ld+json\" class=\"yoast-schema-graph\">{\"@context\":\"https:\\\/\\\/schema.org\",\"@graph\":[{\"@type\":\"WebPage\",\"@id\":\"https:\\\/\\\/www.ftcmexico.com\\\/en\\\/company\\\/quality-service\\\/\",\"url\":\"https:\\\/\\\/www.ftcmexico.com\\\/en\\\/company\\\/quality-service\\\/\",\"name\":\"Produzione pompe industriali centrifughe e volumetriche per varie applicazioni\",\"isPartOf\":{\"@id\":\"https:\\\/\\\/www.ftcmexico.com\\\/#website\"},\"datePublished\":\"2018-06-06T09:46:45+00:00\",\"dateModified\":\"2020-03-31T10:16:47+00:00\",\"description\":\"Produzione pompe industriali CSF Inox SpA Pompe centrifughe e volumetriche per varie applicazioni per l\u2019industria alimentare, farmaceutica e settore bevande\",\"breadcrumb\":{\"@id\":\"https:\\\/\\\/www.ftcmexico.com\\\/en\\\/company\\\/quality-service\\\/#breadcrumb\"},\"inLanguage\":\"en-US\",\"potentialAction\":[{\"@type\":\"ReadAction\",\"target\":[\"https:\\\/\\\/www.ftcmexico.com\\\/en\\\/company\\\/quality-service\\\/\"]}]},{\"@type\":\"BreadcrumbList\",\"@id\":\"https:\\\/\\\/www.ftcmexico.com\\\/en\\\/company\\\/quality-service\\\/#breadcrumb\",\"itemListElement\":[{\"@type\":\"ListItem\",\"position\":1,\"name\":\"Home\",\"item\":\"https:\\\/\\\/www.ftcmexico.com\\\/en\\\/\"},{\"@type\":\"ListItem\",\"position\":2,\"name\":\"Company\",\"item\":\"https:\\\/\\\/www.ftcmexico.com\\\/en\\\/company\\\/\"},{\"@type\":\"ListItem\",\"position\":3,\"name\":\"Quality service\"}]},{\"@type\":\"WebSite\",\"@id\":\"https:\\\/\\\/www.ftcmexico.com\\\/#website\",\"url\":\"https:\\\/\\\/www.ftcmexico.com\\\/\",\"name\":\"Distribuidores en Mexico y Centroamerica de Valvulas Bardiani, Bombas centr\u00edfugas y volum\u00e9tricas marca CSF y bombas de l\u00f3bulos marca OMAC, intercambiadores de calor marca MBS para la industria\",\"description\":\"Pompe centrifughe, volumetriche ed accessori\",\"publisher\":{\"@id\":\"https:\\\/\\\/www.ftcmexico.com\\\/#organization\"},\"potentialAction\":[{\"@type\":\"SearchAction\",\"target\":{\"@type\":\"EntryPoint\",\"urlTemplate\":\"https:\\\/\\\/www.ftcmexico.com\\\/?s={search_term_string}\"},\"query-input\":{\"@type\":\"PropertyValueSpecification\",\"valueRequired\":true,\"valueName\":\"search_term_string\"}}],\"inLanguage\":\"en-US\"},{\"@type\":\"Organization\",\"@id\":\"https:\\\/\\\/www.ftcmexico.com\\\/#organization\",\"name\":\"FLOW TECHNOLOGIES COMPONENTS MEXICO\",\"url\":\"https:\\\/\\\/www.ftcmexico.com\\\/\",\"logo\":{\"@type\":\"ImageObject\",\"inLanguage\":\"en-US\",\"@id\":\"https:\\\/\\\/www.ftcmexico.com\\\/#\\\/schema\\\/logo\\\/image\\\/\",\"url\":\"https:\\\/\\\/www.ftcmexico.com\\\/wp-content\\\/uploads\\\/2019\\\/06\\\/log-ftc-2.png\",\"contentUrl\":\"https:\\\/\\\/www.ftcmexico.com\\\/wp-content\\\/uploads\\\/2019\\\/06\\\/log-ftc-2.png\",\"width\":251,\"height\":92,\"caption\":\"FLOW TECHNOLOGIES COMPONENTS MEXICO\"},\"image\":{\"@id\":\"https:\\\/\\\/www.ftcmexico.com\\\/#\\\/schema\\\/logo\\\/image\\\/\"},\"sameAs\":[\"https:\\\/\\\/www.linkedin.com\\\/company\\\/flow-technology-components-mexico\"]}]}<\/script>\n<!-- \/ Yoast SEO Premium plugin. -->","yoast_head_json":{"title":"Produzione pompe industriali centrifughe e volumetriche per varie applicazioni","description":"Produzione pompe industriali CSF Inox SpA Pompe centrifughe e volumetriche per varie applicazioni per l\u2019industria alimentare, farmaceutica e settore bevande","robots":{"index":"index","follow":"follow","max-snippet":"max-snippet:-1","max-image-preview":"max-image-preview:large","max-video-preview":"max-video-preview:-1"},"canonical":"https:\/\/www.ftcmexico.com\/en\/company\/quality-service\/","og_locale":"en_US","og_type":"article","og_title":"Quality service","og_description":"Produzione pompe industriali CSF Inox SpA Pompe centrifughe e volumetriche per varie applicazioni per l\u2019industria alimentare, farmaceutica e settore bevande","og_url":"https:\/\/www.ftcmexico.com\/en\/company\/quality-service\/","og_site_name":"Bombas v\u00e1lvulas intercambiadores de calor | FTC M\u00e9xico","article_modified_time":"2020-03-31T10:16:47+00:00","twitter_card":"summary_large_image","twitter_misc":{"Est. reading time":"4 minutes"},"schema":{"@context":"https:\/\/schema.org","@graph":[{"@type":"WebPage","@id":"https:\/\/www.ftcmexico.com\/en\/company\/quality-service\/","url":"https:\/\/www.ftcmexico.com\/en\/company\/quality-service\/","name":"Produzione pompe industriali centrifughe e volumetriche per varie applicazioni","isPartOf":{"@id":"https:\/\/www.ftcmexico.com\/#website"},"datePublished":"2018-06-06T09:46:45+00:00","dateModified":"2020-03-31T10:16:47+00:00","description":"Produzione pompe industriali CSF Inox SpA Pompe centrifughe e volumetriche per varie applicazioni per l\u2019industria alimentare, farmaceutica e settore bevande","breadcrumb":{"@id":"https:\/\/www.ftcmexico.com\/en\/company\/quality-service\/#breadcrumb"},"inLanguage":"en-US","potentialAction":[{"@type":"ReadAction","target":["https:\/\/www.ftcmexico.com\/en\/company\/quality-service\/"]}]},{"@type":"BreadcrumbList","@id":"https:\/\/www.ftcmexico.com\/en\/company\/quality-service\/#breadcrumb","itemListElement":[{"@type":"ListItem","position":1,"name":"Home","item":"https:\/\/www.ftcmexico.com\/en\/"},{"@type":"ListItem","position":2,"name":"Company","item":"https:\/\/www.ftcmexico.com\/en\/company\/"},{"@type":"ListItem","position":3,"name":"Quality service"}]},{"@type":"WebSite","@id":"https:\/\/www.ftcmexico.com\/#website","url":"https:\/\/www.ftcmexico.com\/","name":"Distribuidores en Mexico y Centroamerica de Valvulas Bardiani, Bombas centr\u00edfugas y volum\u00e9tricas marca CSF y bombas de l\u00f3bulos marca OMAC, intercambiadores de calor marca MBS para la industria","description":"Pompe centrifughe, volumetriche ed accessori","publisher":{"@id":"https:\/\/www.ftcmexico.com\/#organization"},"potentialAction":[{"@type":"SearchAction","target":{"@type":"EntryPoint","urlTemplate":"https:\/\/www.ftcmexico.com\/?s={search_term_string}"},"query-input":{"@type":"PropertyValueSpecification","valueRequired":true,"valueName":"search_term_string"}}],"inLanguage":"en-US"},{"@type":"Organization","@id":"https:\/\/www.ftcmexico.com\/#organization","name":"FLOW TECHNOLOGIES COMPONENTS MEXICO","url":"https:\/\/www.ftcmexico.com\/","logo":{"@type":"ImageObject","inLanguage":"en-US","@id":"https:\/\/www.ftcmexico.com\/#\/schema\/logo\/image\/","url":"https:\/\/www.ftcmexico.com\/wp-content\/uploads\/2019\/06\/log-ftc-2.png","contentUrl":"https:\/\/www.ftcmexico.com\/wp-content\/uploads\/2019\/06\/log-ftc-2.png","width":251,"height":92,"caption":"FLOW TECHNOLOGIES COMPONENTS MEXICO"},"image":{"@id":"https:\/\/www.ftcmexico.com\/#\/schema\/logo\/image\/"},"sameAs":["https:\/\/www.linkedin.com\/company\/flow-technology-components-mexico"]}]}},"_links":{"self":[{"href":"https:\/\/www.ftcmexico.com\/en\/wp-json\/wp\/v2\/pages\/7343","targetHints":{"allow":["GET"]}}],"collection":[{"href":"https:\/\/www.ftcmexico.com\/en\/wp-json\/wp\/v2\/pages"}],"about":[{"href":"https:\/\/www.ftcmexico.com\/en\/wp-json\/wp\/v2\/types\/page"}],"author":[{"embeddable":true,"href":"https:\/\/www.ftcmexico.com\/en\/wp-json\/wp\/v2\/users\/1"}],"replies":[{"embeddable":true,"href":"https:\/\/www.ftcmexico.com\/en\/wp-json\/wp\/v2\/comments?post=7343"}],"version-history":[{"count":21,"href":"https:\/\/www.ftcmexico.com\/en\/wp-json\/wp\/v2\/pages\/7343\/revisions"}],"predecessor-version":[{"id":13432,"href":"https:\/\/www.ftcmexico.com\/en\/wp-json\/wp\/v2\/pages\/7343\/revisions\/13432"}],"up":[{"embeddable":true,"href":"https:\/\/www.ftcmexico.com\/en\/wp-json\/wp\/v2\/pages\/7359"}],"wp:attachment":[{"href":"https:\/\/www.ftcmexico.com\/en\/wp-json\/wp\/v2\/media?parent=7343"}],"curies":[{"name":"wp","href":"https:\/\/api.w.org\/{rel}","templated":true}]}}