{"id":7345,"date":"2018-04-04T11:15:12","date_gmt":"2018-04-04T09:15:12","guid":{"rendered":"http:\/\/www.ftcmexico.com\/lavora-con-noi\/"},"modified":"2020-05-06T09:07:03","modified_gmt":"2020-05-06T07:07:03","slug":"work-with-us","status":"publish","type":"page","link":"https:\/\/www.ftcmexico.com\/en\/work-with-us\/","title":{"rendered":"Work with us"},"content":{"rendered":"<div class=\"wpb-content-wrapper\"><p>[vc_row][vc_column][vc_custom_heading text=&#8221;Work with our company&#8221; font_container=&#8221;tag:h2|text_align:center&#8221; use_theme_fonts=&#8221;yes&#8221; el_class=&#8221;title&#8221;][vc_empty_space height=&#8221;15&#8243;][\/vc_column][\/vc_row][vc_row equal_height=&#8221;yes&#8221; content_placement=&#8221;middle&#8221; css=&#8221;.vc_custom_1528806077068{margin-bottom: 40px !important;}&#8221;][vc_column width=&#8221;1\/2&#8243;][vc_single_image image=&#8221;7148&#8243; img_size=&#8221;full&#8221; css=&#8221;.vc_custom_1528806390285{margin-bottom: 0px !important;}&#8221;][\/vc_column][vc_column width=&#8221;1\/2&#8243;]<table class='info-table'><\/tbody><tr class='info-table-row'><th class='info-table-icon'><i class='fa fa fa-long-arrow-right'><\/i><\/th><td class='info-table-content'>FTC Mexico<\/td><\/tr><tr class='info-table-row'><th class='info-table-icon'><i class='fa fa fa-map-marker'><\/i><\/th><td class='info-table-content'>Guti\u00e9rrez Zamora 161 col. Las Aguilas, \u00c1lvaro Obreg\u00f3n CP01710 Ciudad de M\u00e9xico, M\u00e9xico<\/td><\/tr><tr class='info-table-row'><th class='info-table-icon'><i class='fa fa fa-phone'><\/i><\/th><td class='info-table-content'><strong><a href='tel:+525555368066'>+52 (55) 55 36 80 66<\/a><\/strong><\/td><\/tr><tr class='info-table-row'><th class='info-table-icon'><i class='fa fa fa-phone'><\/i><\/th><td class='info-table-content'><strong><a href='tel:+525563862204'>+52 (55) 63 86 22 04<\/a><\/strong><\/td><\/tr><tr class='info-table-row'><th class='info-table-icon'><i class='fa fa fa-envelope'><\/i><\/th><td class='info-table-content'><strong><a href='mailto:ventas@ftcmexico.com'>ventas@ftcmexico.com<\/a><\/strong><\/td><\/tr><\/table><\/tbody>[\/vc_column][\/vc_row][vc_row full_width=&#8221;stretch_row&#8221; css=&#8221;.vc_custom_1481539931859{margin-bottom: 40px !important;}&#8221;][vc_column][vc_column_text]<\/p>\n<p style=\"text-align: left; font-size: 16px;\">Please fill out the form below or send us your application along with your CV (in PDF format)<\/p>\n<p>[\/vc_column_text]<p class=\"wpcf7-contact-form-not-found\"><strong>Error:<\/strong> Contact form not found.<\/p>[\/vc_column][\/vc_row][vc_row full_width=&#8221;stretch_row&#8221; css=&#8221;.vc_custom_1481539931859{margin-bottom: 40px !important;}&#8221;][vc_column][vc_column_text]<iframe loading=\"lazy\" style=\"border: 0;\" src=\"https:\/\/www.google.com\/maps\/embed?pb=!1m18!1m12!1m3!1d992202.0882840204!2d-99.42701535923945!3d19.30612949219176!2m3!1f0!2f0!3f0!3m2!1i1024!2i768!4f13.1!3m3!1m2!1s0x85d1ff73d1b89bb5%3A0xc5717ec1002eec04!2sFlow+Technology+Components+M%C3%A9xico+by+CSFInox+Group!5e0!3m2!1sit!2sit!4v1559914237857!5m2!1sit!2sit\" width=\"100%\" height=\"450\" frameborder=\"0\" allowfullscreen=\"allowfullscreen\"><\/iframe>[\/vc_column_text][\/vc_column][\/vc_row]<\/p>\n<\/div>","protected":false},"excerpt":{"rendered":"<p>[vc_row][vc_column][vc_custom_heading text=&#8221;Work with our company&#8221; font_container=&#8221;tag:h2|text_align:center&#8221; use_theme_fonts=&#8221;yes&#8221; el_class=&#8221;title&#8221;][vc_empty_space height=&#8221;15&#8243;][\/vc_column][\/vc_row][vc_row equal_height=&#8221;yes&#8221; content_placement=&#8221;middle&#8221; css=&#8221;.vc_custom_1528806077068{margin-bottom: 40px !important;}&#8221;][vc_column width=&#8221;1\/2&#8243;][vc_single_image image=&#8221;7148&#8243; img_size=&#8221;full&#8221; css=&#8221;.vc_custom_1528806390285{margin-bottom: 0px !important;}&#8221;][\/vc_column][vc_column width=&#8221;1\/2&#8243;][\/vc_column][\/vc_row][vc_row full_width=&#8221;stretch_row&#8221; css=&#8221;.vc_custom_1481539931859{margin-bottom: 40px !important;}&#8221;][vc_column][vc_column_text] Please fill out the form below or send us your application along with your CV &hellip;<\/p>\n","protected":false},"author":1,"featured_media":0,"parent":0,"menu_order":31,"comment_status":"closed","ping_status":"closed","template":"","meta":{"_acf_changed":false,"_joinchat":[],"footnotes":""},"class_list":["post-7345","page","type-page","status-publish","hentry"],"acf":[],"yoast_head":"<!-- This site is optimized with the Yoast SEO Premium plugin v26.0 (Yoast SEO v27.4) - https:\/\/yoast.com\/product\/yoast-seo-premium-wordpress\/ -->\n<title>Work with us - Bombas v\u00e1lvulas intercambiadores de calor | FTC M\u00e9xico<\/title>\n<meta name=\"description\" content=\"Pumps valves lobe pumps heat exchangers, hygienic components for the food, beverage and pharmaceutical industries. Ftc M\u00e9xico\" \/>\n<meta name=\"robots\" content=\"index, follow, max-snippet:-1, max-image-preview:large, max-video-preview:-1\" \/>\n<link rel=\"canonical\" href=\"https:\/\/www.ftcmexico.com\/en\/work-with-us\/\" \/>\n<meta property=\"og:locale\" content=\"en_US\" \/>\n<meta property=\"og:type\" content=\"article\" \/>\n<meta property=\"og:title\" content=\"Work with us\" \/>\n<meta property=\"og:description\" content=\"Pumps valves lobe pumps heat exchangers, hygienic components for the food, beverage and pharmaceutical industries. Ftc M\u00e9xico\" \/>\n<meta property=\"og:url\" content=\"https:\/\/www.ftcmexico.com\/en\/work-with-us\/\" \/>\n<meta property=\"og:site_name\" content=\"Bombas v\u00e1lvulas intercambiadores de calor | FTC M\u00e9xico\" \/>\n<meta property=\"article:modified_time\" content=\"2020-05-06T07:07:03+00:00\" \/>\n<meta name=\"twitter:card\" content=\"summary_large_image\" \/>\n<meta name=\"twitter:label1\" content=\"Est. reading time\" \/>\n\t<meta name=\"twitter:data1\" content=\"1 minute\" \/>\n<script type=\"application\/ld+json\" class=\"yoast-schema-graph\">{\"@context\":\"https:\\\/\\\/schema.org\",\"@graph\":[{\"@type\":\"WebPage\",\"@id\":\"https:\\\/\\\/www.ftcmexico.com\\\/en\\\/work-with-us\\\/\",\"url\":\"https:\\\/\\\/www.ftcmexico.com\\\/en\\\/work-with-us\\\/\",\"name\":\"Work with us - Bombas v\u00e1lvulas intercambiadores de calor | FTC M\u00e9xico\",\"isPartOf\":{\"@id\":\"https:\\\/\\\/www.ftcmexico.com\\\/#website\"},\"datePublished\":\"2018-04-04T09:15:12+00:00\",\"dateModified\":\"2020-05-06T07:07:03+00:00\",\"description\":\"Pumps valves lobe pumps heat exchangers, hygienic components for the food, beverage and pharmaceutical industries. Ftc M\u00e9xico\",\"breadcrumb\":{\"@id\":\"https:\\\/\\\/www.ftcmexico.com\\\/en\\\/work-with-us\\\/#breadcrumb\"},\"inLanguage\":\"en-US\",\"potentialAction\":[{\"@type\":\"ReadAction\",\"target\":[\"https:\\\/\\\/www.ftcmexico.com\\\/en\\\/work-with-us\\\/\"]}]},{\"@type\":\"BreadcrumbList\",\"@id\":\"https:\\\/\\\/www.ftcmexico.com\\\/en\\\/work-with-us\\\/#breadcrumb\",\"itemListElement\":[{\"@type\":\"ListItem\",\"position\":1,\"name\":\"Home\",\"item\":\"https:\\\/\\\/www.ftcmexico.com\\\/en\\\/\"},{\"@type\":\"ListItem\",\"position\":2,\"name\":\"Work with us\"}]},{\"@type\":\"WebSite\",\"@id\":\"https:\\\/\\\/www.ftcmexico.com\\\/#website\",\"url\":\"https:\\\/\\\/www.ftcmexico.com\\\/\",\"name\":\"Distribuidores en Mexico y Centroamerica de Valvulas Bardiani, Bombas centr\u00edfugas y volum\u00e9tricas marca CSF y bombas de l\u00f3bulos marca OMAC, intercambiadores de calor marca MBS para la industria\",\"description\":\"Pompe centrifughe, volumetriche ed accessori\",\"publisher\":{\"@id\":\"https:\\\/\\\/www.ftcmexico.com\\\/#organization\"},\"potentialAction\":[{\"@type\":\"SearchAction\",\"target\":{\"@type\":\"EntryPoint\",\"urlTemplate\":\"https:\\\/\\\/www.ftcmexico.com\\\/?s={search_term_string}\"},\"query-input\":{\"@type\":\"PropertyValueSpecification\",\"valueRequired\":true,\"valueName\":\"search_term_string\"}}],\"inLanguage\":\"en-US\"},{\"@type\":\"Organization\",\"@id\":\"https:\\\/\\\/www.ftcmexico.com\\\/#organization\",\"name\":\"FLOW TECHNOLOGIES COMPONENTS MEXICO\",\"url\":\"https:\\\/\\\/www.ftcmexico.com\\\/\",\"logo\":{\"@type\":\"ImageObject\",\"inLanguage\":\"en-US\",\"@id\":\"https:\\\/\\\/www.ftcmexico.com\\\/#\\\/schema\\\/logo\\\/image\\\/\",\"url\":\"https:\\\/\\\/www.ftcmexico.com\\\/wp-content\\\/uploads\\\/2019\\\/06\\\/log-ftc-2.png\",\"contentUrl\":\"https:\\\/\\\/www.ftcmexico.com\\\/wp-content\\\/uploads\\\/2019\\\/06\\\/log-ftc-2.png\",\"width\":251,\"height\":92,\"caption\":\"FLOW TECHNOLOGIES COMPONENTS MEXICO\"},\"image\":{\"@id\":\"https:\\\/\\\/www.ftcmexico.com\\\/#\\\/schema\\\/logo\\\/image\\\/\"},\"sameAs\":[\"https:\\\/\\\/www.linkedin.com\\\/company\\\/flow-technology-components-mexico\"]}]}<\/script>\n<!-- \/ Yoast SEO Premium plugin. -->","yoast_head_json":{"title":"Work with us - Bombas v\u00e1lvulas intercambiadores de calor | FTC M\u00e9xico","description":"Pumps valves lobe pumps heat exchangers, hygienic components for the food, beverage and pharmaceutical industries. Ftc M\u00e9xico","robots":{"index":"index","follow":"follow","max-snippet":"max-snippet:-1","max-image-preview":"max-image-preview:large","max-video-preview":"max-video-preview:-1"},"canonical":"https:\/\/www.ftcmexico.com\/en\/work-with-us\/","og_locale":"en_US","og_type":"article","og_title":"Work with us","og_description":"Pumps valves lobe pumps heat exchangers, hygienic components for the food, beverage and pharmaceutical industries. Ftc M\u00e9xico","og_url":"https:\/\/www.ftcmexico.com\/en\/work-with-us\/","og_site_name":"Bombas v\u00e1lvulas intercambiadores de calor | FTC M\u00e9xico","article_modified_time":"2020-05-06T07:07:03+00:00","twitter_card":"summary_large_image","twitter_misc":{"Est. reading time":"1 minute"},"schema":{"@context":"https:\/\/schema.org","@graph":[{"@type":"WebPage","@id":"https:\/\/www.ftcmexico.com\/en\/work-with-us\/","url":"https:\/\/www.ftcmexico.com\/en\/work-with-us\/","name":"Work with us - Bombas v\u00e1lvulas intercambiadores de calor | FTC M\u00e9xico","isPartOf":{"@id":"https:\/\/www.ftcmexico.com\/#website"},"datePublished":"2018-04-04T09:15:12+00:00","dateModified":"2020-05-06T07:07:03+00:00","description":"Pumps valves lobe pumps heat exchangers, hygienic components for the food, beverage and pharmaceutical industries. Ftc M\u00e9xico","breadcrumb":{"@id":"https:\/\/www.ftcmexico.com\/en\/work-with-us\/#breadcrumb"},"inLanguage":"en-US","potentialAction":[{"@type":"ReadAction","target":["https:\/\/www.ftcmexico.com\/en\/work-with-us\/"]}]},{"@type":"BreadcrumbList","@id":"https:\/\/www.ftcmexico.com\/en\/work-with-us\/#breadcrumb","itemListElement":[{"@type":"ListItem","position":1,"name":"Home","item":"https:\/\/www.ftcmexico.com\/en\/"},{"@type":"ListItem","position":2,"name":"Work with us"}]},{"@type":"WebSite","@id":"https:\/\/www.ftcmexico.com\/#website","url":"https:\/\/www.ftcmexico.com\/","name":"Distribuidores en Mexico y Centroamerica de Valvulas Bardiani, Bombas centr\u00edfugas y volum\u00e9tricas marca CSF y bombas de l\u00f3bulos marca OMAC, intercambiadores de calor marca MBS para la industria","description":"Pompe centrifughe, volumetriche ed accessori","publisher":{"@id":"https:\/\/www.ftcmexico.com\/#organization"},"potentialAction":[{"@type":"SearchAction","target":{"@type":"EntryPoint","urlTemplate":"https:\/\/www.ftcmexico.com\/?s={search_term_string}"},"query-input":{"@type":"PropertyValueSpecification","valueRequired":true,"valueName":"search_term_string"}}],"inLanguage":"en-US"},{"@type":"Organization","@id":"https:\/\/www.ftcmexico.com\/#organization","name":"FLOW TECHNOLOGIES COMPONENTS MEXICO","url":"https:\/\/www.ftcmexico.com\/","logo":{"@type":"ImageObject","inLanguage":"en-US","@id":"https:\/\/www.ftcmexico.com\/#\/schema\/logo\/image\/","url":"https:\/\/www.ftcmexico.com\/wp-content\/uploads\/2019\/06\/log-ftc-2.png","contentUrl":"https:\/\/www.ftcmexico.com\/wp-content\/uploads\/2019\/06\/log-ftc-2.png","width":251,"height":92,"caption":"FLOW TECHNOLOGIES COMPONENTS MEXICO"},"image":{"@id":"https:\/\/www.ftcmexico.com\/#\/schema\/logo\/image\/"},"sameAs":["https:\/\/www.linkedin.com\/company\/flow-technology-components-mexico"]}]}},"_links":{"self":[{"href":"https:\/\/www.ftcmexico.com\/en\/wp-json\/wp\/v2\/pages\/7345","targetHints":{"allow":["GET"]}}],"collection":[{"href":"https:\/\/www.ftcmexico.com\/en\/wp-json\/wp\/v2\/pages"}],"about":[{"href":"https:\/\/www.ftcmexico.com\/en\/wp-json\/wp\/v2\/types\/page"}],"author":[{"embeddable":true,"href":"https:\/\/www.ftcmexico.com\/en\/wp-json\/wp\/v2\/users\/1"}],"replies":[{"embeddable":true,"href":"https:\/\/www.ftcmexico.com\/en\/wp-json\/wp\/v2\/comments?post=7345"}],"version-history":[{"count":17,"href":"https:\/\/www.ftcmexico.com\/en\/wp-json\/wp\/v2\/pages\/7345\/revisions"}],"predecessor-version":[{"id":13728,"href":"https:\/\/www.ftcmexico.com\/en\/wp-json\/wp\/v2\/pages\/7345\/revisions\/13728"}],"wp:attachment":[{"href":"https:\/\/www.ftcmexico.com\/en\/wp-json\/wp\/v2\/media?parent=7345"}],"curies":[{"name":"wp","href":"https:\/\/api.w.org\/{rel}","templated":true}]}}