{"id":7348,"date":"2018-02-07T10:27:25","date_gmt":"2018-02-07T09:27:25","guid":{"rendered":"http:\/\/www.ftcmexico.com\/applicazioni\/"},"modified":"2020-03-30T14:36:51","modified_gmt":"2020-03-30T12:36:51","slug":"applicacion","status":"publish","type":"page","link":"https:\/\/www.ftcmexico.com\/en\/applicacion\/","title":{"rendered":"Applicacion"},"content":{"rendered":"<div class=\"wpb-content-wrapper\"><p>[vc_row full_width=&#8221;stretch_row&#8221; content_placement=&#8221;middle&#8221; css_animation=&#8221;top-to-bottom&#8221; css=&#8221;.vc_custom_1518176129027{margin-top: 0px !important;padding-top: 0px !important;}&#8221;][vc_column css=&#8221;.vc_custom_1518176123136{margin-top: 0px !important;margin-bottom: 0px !important;padding-top: 0px !important;padding-bottom: 0px !important;}&#8221;][vc_custom_heading text=&#8221;Nuestras soluciones a tu servicio&#8221; font_container=&#8221;tag:h2|text_align:center&#8221; use_theme_fonts=&#8221;yes&#8221;][vc_separator color=&#8221;custom&#8221; border_width=&#8221;2&#8243; el_width=&#8221;20&#8243; accent_color=&#8221;#474747&#8243; css=&#8221;.vc_custom_1517936447955{margin-bottom: 0px !important;padding-top: 10px !important;padding-bottom: 10px !important;}&#8221;][vc_empty_space height=&#8221;10px&#8221;][vc_column_text]<\/p>\n<p style=\"text-align: center;\">Seleccione el tipo de sector que le interesa<\/p>\n<p>[\/vc_column_text][\/vc_column][\/vc_row][vc_row full_width=&#8221;stretch_row_content&#8221; content_placement=&#8221;middle&#8221;][vc_column][vc_column_text]<div class=\"products-recent\"><div class=\"products-header clearfix\"><\/div><div class=\"row products-content\"><div class=\"row-content\"><div class='products-item col-md-2 col-xs-6 col-xs-6 '><div class=\"products-item-wrap\"><a class=\"\" href=\"https:\/\/www.ftcmexico.com\/en\/application\/environment\/\"><img loading=\"lazy\" decoding=\"async\" width=\"400\" height=\"400\" src=\"https:\/\/www.ftcmexico.com\/wp-content\/uploads\/2018\/06\/applicazioni-csf-5.jpg\" class=\"attachment-full size-full\" alt=\"\" srcset=\"https:\/\/www.ftcmexico.com\/wp-content\/uploads\/2018\/06\/applicazioni-csf-5.jpg 400w, https:\/\/www.ftcmexico.com\/wp-content\/uploads\/2018\/06\/applicazioni-csf-5-300x300.jpg 300w, https:\/\/www.ftcmexico.com\/wp-content\/uploads\/2018\/06\/applicazioni-csf-5-100x100.jpg 100w, https:\/\/www.ftcmexico.com\/wp-content\/uploads\/2018\/06\/applicazioni-csf-5-150x150.jpg 150w\" sizes=\"auto, (max-width: 400px) 100vw, 400px\" \/><div class=\"product-hover\"><div class=\"title-block-centered\"><div class=\"title-block-content\"><h3 class=\"product-title\">Environment<\/h3><\/div><\/div><\/div><\/a><\/div><\/div><div class='products-item col-md-2 col-xs-6 col-xs-6 '><div class=\"products-item-wrap\"><a class=\"\" href=\"https:\/\/www.ftcmexico.com\/en\/application\/food\/\"><img loading=\"lazy\" decoding=\"async\" width=\"400\" height=\"400\" src=\"https:\/\/www.ftcmexico.com\/wp-content\/uploads\/2018\/06\/applicazioni-csf-1.jpg\" class=\"attachment-full size-full\" alt=\"\" srcset=\"https:\/\/www.ftcmexico.com\/wp-content\/uploads\/2018\/06\/applicazioni-csf-1.jpg 400w, https:\/\/www.ftcmexico.com\/wp-content\/uploads\/2018\/06\/applicazioni-csf-1-300x300.jpg 300w, https:\/\/www.ftcmexico.com\/wp-content\/uploads\/2018\/06\/applicazioni-csf-1-100x100.jpg 100w, https:\/\/www.ftcmexico.com\/wp-content\/uploads\/2018\/06\/applicazioni-csf-1-150x150.jpg 150w\" sizes=\"auto, (max-width: 400px) 100vw, 400px\" \/><div class=\"product-hover\"><div class=\"title-block-centered\"><div class=\"title-block-content\"><h3 class=\"product-title\">Food<\/h3><\/div><\/div><\/div><\/a><\/div><\/div><div class='products-item col-md-2 col-xs-6 col-xs-6 '><div class=\"products-item-wrap\"><a class=\"\" href=\"https:\/\/www.ftcmexico.com\/en\/application\/beverage\/\"><img loading=\"lazy\" decoding=\"async\" width=\"400\" height=\"400\" src=\"https:\/\/www.ftcmexico.com\/wp-content\/uploads\/2018\/06\/applicazioni-csf-2.jpg\" class=\"attachment-full size-full\" alt=\"\" srcset=\"https:\/\/www.ftcmexico.com\/wp-content\/uploads\/2018\/06\/applicazioni-csf-2.jpg 400w, https:\/\/www.ftcmexico.com\/wp-content\/uploads\/2018\/06\/applicazioni-csf-2-300x300.jpg 300w, https:\/\/www.ftcmexico.com\/wp-content\/uploads\/2018\/06\/applicazioni-csf-2-100x100.jpg 100w, https:\/\/www.ftcmexico.com\/wp-content\/uploads\/2018\/06\/applicazioni-csf-2-150x150.jpg 150w\" sizes=\"auto, (max-width: 400px) 100vw, 400px\" \/><div class=\"product-hover\"><div class=\"title-block-centered\"><div class=\"title-block-content\"><h3 class=\"product-title\">Beverage<\/h3><\/div><\/div><\/div><\/a><\/div><\/div><div class='products-item col-md-2 col-xs-6 col-xs-6 '><div class=\"products-item-wrap\"><a class=\"\" href=\"https:\/\/www.ftcmexico.com\/en\/application\/pharma-cosmetic-chemical\/\"><img loading=\"lazy\" decoding=\"async\" width=\"400\" height=\"400\" src=\"https:\/\/www.ftcmexico.com\/wp-content\/uploads\/2018\/06\/applicazioni-csf-3.jpg\" class=\"attachment-full size-full\" alt=\"\" srcset=\"https:\/\/www.ftcmexico.com\/wp-content\/uploads\/2018\/06\/applicazioni-csf-3.jpg 400w, https:\/\/www.ftcmexico.com\/wp-content\/uploads\/2018\/06\/applicazioni-csf-3-300x300.jpg 300w, https:\/\/www.ftcmexico.com\/wp-content\/uploads\/2018\/06\/applicazioni-csf-3-100x100.jpg 100w, https:\/\/www.ftcmexico.com\/wp-content\/uploads\/2018\/06\/applicazioni-csf-3-150x150.jpg 150w\" sizes=\"auto, (max-width: 400px) 100vw, 400px\" \/><div class=\"product-hover\"><div class=\"title-block-centered\"><div class=\"title-block-content\"><h3 class=\"product-title\">Pharma Cosmetic Chemical<\/h3><\/div><\/div><\/div><\/a><\/div><\/div><div class='products-item col-md-2 col-xs-6 col-xs-6 '><div class=\"products-item-wrap\"><a class=\"\" href=\"https:\/\/www.ftcmexico.com\/en\/application\/industrial\/\"><img loading=\"lazy\" decoding=\"async\" width=\"400\" height=\"400\" src=\"https:\/\/www.ftcmexico.com\/wp-content\/uploads\/2018\/06\/applicazioni-csf-4.jpg\" class=\"attachment-full size-full\" alt=\"\" srcset=\"https:\/\/www.ftcmexico.com\/wp-content\/uploads\/2018\/06\/applicazioni-csf-4.jpg 400w, https:\/\/www.ftcmexico.com\/wp-content\/uploads\/2018\/06\/applicazioni-csf-4-300x300.jpg 300w, https:\/\/www.ftcmexico.com\/wp-content\/uploads\/2018\/06\/applicazioni-csf-4-100x100.jpg 100w, https:\/\/www.ftcmexico.com\/wp-content\/uploads\/2018\/06\/applicazioni-csf-4-150x150.jpg 150w\" sizes=\"auto, (max-width: 400px) 100vw, 400px\" \/><div class=\"product-hover\"><div class=\"title-block-centered\"><div class=\"title-block-content\"><h3 class=\"product-title\">Industrial<\/h3><\/div><\/div><\/div><\/a><\/div><\/div><div class='products-item col-md-2 col-xs-6 col-xs-6 '><div class=\"products-item-wrap\"><a class=\"\" href=\"https:\/\/www.ftcmexico.com\/en\/application\/pigiato-diraspato-en\/\"><img decoding=\"async\" class=\"\" src=\"https:\/\/www.ftcmexico.com\/wp-content\/themes\/industrial\/images\/default-image.jpg\" alt=\"Bombas v\u00e1lvulas intercambiadores de calor | FTC M\u00e9xico\" \/><div class=\"product-hover\"><div class=\"title-block-centered\"><div class=\"title-block-content\"><h3 class=\"product-title\">Pigiato diraspato<\/h3><\/div><\/div><\/div><\/a><\/div><\/div><div class='products-item col-md-2 col-xs-6 col-xs-6 '><div class=\"products-item-wrap\"><a class=\"\" href=\"https:\/\/www.ftcmexico.com\/en\/application\/mosto-di-birra-en\/\"><img decoding=\"async\" class=\"\" src=\"https:\/\/www.ftcmexico.com\/wp-content\/themes\/industrial\/images\/default-image.jpg\" alt=\"Bombas v\u00e1lvulas intercambiadores de calor | FTC M\u00e9xico\" \/><div class=\"product-hover\"><div class=\"title-block-centered\"><div class=\"title-block-content\"><h3 class=\"product-title\">Mosto di birra<\/h3><\/div><\/div><\/div><\/a><\/div><\/div><\/div><\/div><\/div>[\/vc_column_text][\/vc_column][\/vc_row][vc_row full_width=&#8221;stretch_row&#8221; content_placement=&#8221;middle&#8221; css_animation=&#8221;top-to-bottom&#8221;][vc_column css=&#8221;.vc_custom_1517934770936{margin-top: 0px !important;margin-bottom: 0px !important;padding-top: 0px !important;padding-bottom: 0px !important;}&#8221;][vc_column_text css=&#8221;.vc_custom_1532068834057{margin-top: 0px !important;margin-bottom: 0px !important;padding-top: 0px !important;padding-bottom: 0px !important;}&#8221;]<\/p>\n<h1 style=\"text-align: center; font-size: 30px;\"><strong><span style=\"color: #474747;\">\u00bfQuieres recibir m\u00e1s informaci\u00f3n?<\/span><\/strong><\/h1>\n<p>&nbsp;<\/p>\n<p>[\/vc_column_text][vc_separator color=&#8221;custom&#8221; border_width=&#8221;2&#8243; el_width=&#8221;20&#8243; accent_color=&#8221;#474747&#8243; css=&#8221;.vc_custom_1517936447955{margin-bottom: 0px !important;padding-top: 10px !important;padding-bottom: 10px !important;}&#8221;][vc_column_text]<\/p>\n<p style=\"text-align: center;\">Para solicitar m\u00e1s informaci\u00f3n sobre nuestros sectores<br \/>\ncomplete nuestro formulario a continuaci\u00f3n y le responderemos tan pronto como sea posible<\/p>\n<p>[\/vc_column_text]<p class=\"wpcf7-contact-form-not-found\"><strong>Error:<\/strong> Contact form not found.<\/p>[vc_empty_space][\/vc_column][\/vc_row]<\/p>\n<\/div>","protected":false},"excerpt":{"rendered":"<p>[vc_row full_width=&#8221;stretch_row&#8221; content_placement=&#8221;middle&#8221; css_animation=&#8221;top-to-bottom&#8221; css=&#8221;.vc_custom_1518176129027{margin-top: 0px !important;padding-top: 0px !important;}&#8221;][vc_column css=&#8221;.vc_custom_1518176123136{margin-top: 0px !important;margin-bottom: 0px !important;padding-top: 0px !important;padding-bottom: 0px !important;}&#8221;][vc_custom_heading text=&#8221;Nuestras soluciones a tu servicio&#8221; font_container=&#8221;tag:h2|text_align:center&#8221; use_theme_fonts=&#8221;yes&#8221;][vc_separator color=&#8221;custom&#8221; border_width=&#8221;2&#8243; el_width=&#8221;20&#8243; accent_color=&#8221;#474747&#8243; css=&#8221;.vc_custom_1517936447955{margin-bottom: 0px !important;padding-top: 10px !important;padding-bottom: 10px !important;}&#8221;][vc_empty_space height=&#8221;10px&#8221;][vc_column_text] Seleccione el tipo &hellip;<\/p>\n","protected":false},"author":1,"featured_media":0,"parent":0,"menu_order":18,"comment_status":"closed","ping_status":"closed","template":"","meta":{"_acf_changed":false,"_joinchat":[],"footnotes":""},"class_list":["post-7348","page","type-page","status-publish","hentry"],"acf":[],"yoast_head":"<!-- This site is optimized with the Yoast SEO Premium plugin v26.0 (Yoast SEO v27.4) - https:\/\/yoast.com\/product\/yoast-seo-premium-wordpress\/ -->\n<title>Applicacion - Bombas v\u00e1lvulas intercambiadores de calor | FTC M\u00e9xico<\/title>\n<meta name=\"description\" content=\"Pumps valves lobe pumps heat exchangers, hygienic components for the food, beverage and pharmaceutical industries. Ftc M\u00e9xico\" \/>\n<meta name=\"robots\" content=\"index, follow, max-snippet:-1, max-image-preview:large, max-video-preview:-1\" \/>\n<link rel=\"canonical\" href=\"https:\/\/www.ftcmexico.com\/en\/applicacion\/\" \/>\n<meta property=\"og:locale\" content=\"en_US\" \/>\n<meta property=\"og:type\" content=\"article\" \/>\n<meta property=\"og:title\" content=\"Applicacion\" \/>\n<meta property=\"og:description\" content=\"Pumps valves lobe pumps heat exchangers, hygienic components for the food, beverage and pharmaceutical industries. Ftc M\u00e9xico\" \/>\n<meta property=\"og:url\" content=\"https:\/\/www.ftcmexico.com\/en\/applicacion\/\" \/>\n<meta property=\"og:site_name\" content=\"Bombas v\u00e1lvulas intercambiadores de calor | FTC M\u00e9xico\" \/>\n<meta property=\"article:modified_time\" content=\"2020-03-30T12:36:51+00:00\" \/>\n<meta name=\"twitter:card\" content=\"summary_large_image\" \/>\n<meta name=\"twitter:label1\" content=\"Est. reading time\" \/>\n\t<meta name=\"twitter:data1\" content=\"1 minute\" \/>\n<script type=\"application\/ld+json\" class=\"yoast-schema-graph\">{\"@context\":\"https:\\\/\\\/schema.org\",\"@graph\":[{\"@type\":\"WebPage\",\"@id\":\"https:\\\/\\\/www.ftcmexico.com\\\/en\\\/applicacion\\\/\",\"url\":\"https:\\\/\\\/www.ftcmexico.com\\\/en\\\/applicacion\\\/\",\"name\":\"Applicacion - Bombas v\u00e1lvulas intercambiadores de calor | FTC M\u00e9xico\",\"isPartOf\":{\"@id\":\"https:\\\/\\\/www.ftcmexico.com\\\/#website\"},\"datePublished\":\"2018-02-07T09:27:25+00:00\",\"dateModified\":\"2020-03-30T12:36:51+00:00\",\"description\":\"Pumps valves lobe pumps heat exchangers, hygienic components for the food, beverage and pharmaceutical industries. Ftc M\u00e9xico\",\"breadcrumb\":{\"@id\":\"https:\\\/\\\/www.ftcmexico.com\\\/en\\\/applicacion\\\/#breadcrumb\"},\"inLanguage\":\"en-US\",\"potentialAction\":[{\"@type\":\"ReadAction\",\"target\":[\"https:\\\/\\\/www.ftcmexico.com\\\/en\\\/applicacion\\\/\"]}]},{\"@type\":\"BreadcrumbList\",\"@id\":\"https:\\\/\\\/www.ftcmexico.com\\\/en\\\/applicacion\\\/#breadcrumb\",\"itemListElement\":[{\"@type\":\"ListItem\",\"position\":1,\"name\":\"Home\",\"item\":\"https:\\\/\\\/www.ftcmexico.com\\\/en\\\/\"},{\"@type\":\"ListItem\",\"position\":2,\"name\":\"Applicacion\"}]},{\"@type\":\"WebSite\",\"@id\":\"https:\\\/\\\/www.ftcmexico.com\\\/#website\",\"url\":\"https:\\\/\\\/www.ftcmexico.com\\\/\",\"name\":\"Distribuidores en Mexico y Centroamerica de Valvulas Bardiani, Bombas centr\u00edfugas y volum\u00e9tricas marca CSF y bombas de l\u00f3bulos marca OMAC, intercambiadores de calor marca MBS para la industria\",\"description\":\"Pompe centrifughe, volumetriche ed accessori\",\"publisher\":{\"@id\":\"https:\\\/\\\/www.ftcmexico.com\\\/#organization\"},\"potentialAction\":[{\"@type\":\"SearchAction\",\"target\":{\"@type\":\"EntryPoint\",\"urlTemplate\":\"https:\\\/\\\/www.ftcmexico.com\\\/?s={search_term_string}\"},\"query-input\":{\"@type\":\"PropertyValueSpecification\",\"valueRequired\":true,\"valueName\":\"search_term_string\"}}],\"inLanguage\":\"en-US\"},{\"@type\":\"Organization\",\"@id\":\"https:\\\/\\\/www.ftcmexico.com\\\/#organization\",\"name\":\"FLOW TECHNOLOGIES COMPONENTS MEXICO\",\"url\":\"https:\\\/\\\/www.ftcmexico.com\\\/\",\"logo\":{\"@type\":\"ImageObject\",\"inLanguage\":\"en-US\",\"@id\":\"https:\\\/\\\/www.ftcmexico.com\\\/#\\\/schema\\\/logo\\\/image\\\/\",\"url\":\"https:\\\/\\\/www.ftcmexico.com\\\/wp-content\\\/uploads\\\/2019\\\/06\\\/log-ftc-2.png\",\"contentUrl\":\"https:\\\/\\\/www.ftcmexico.com\\\/wp-content\\\/uploads\\\/2019\\\/06\\\/log-ftc-2.png\",\"width\":251,\"height\":92,\"caption\":\"FLOW TECHNOLOGIES COMPONENTS MEXICO\"},\"image\":{\"@id\":\"https:\\\/\\\/www.ftcmexico.com\\\/#\\\/schema\\\/logo\\\/image\\\/\"},\"sameAs\":[\"https:\\\/\\\/www.linkedin.com\\\/company\\\/flow-technology-components-mexico\"]}]}<\/script>\n<!-- \/ Yoast SEO Premium plugin. -->","yoast_head_json":{"title":"Applicacion - Bombas v\u00e1lvulas intercambiadores de calor | FTC M\u00e9xico","description":"Pumps valves lobe pumps heat exchangers, hygienic components for the food, beverage and pharmaceutical industries. Ftc M\u00e9xico","robots":{"index":"index","follow":"follow","max-snippet":"max-snippet:-1","max-image-preview":"max-image-preview:large","max-video-preview":"max-video-preview:-1"},"canonical":"https:\/\/www.ftcmexico.com\/en\/applicacion\/","og_locale":"en_US","og_type":"article","og_title":"Applicacion","og_description":"Pumps valves lobe pumps heat exchangers, hygienic components for the food, beverage and pharmaceutical industries. Ftc M\u00e9xico","og_url":"https:\/\/www.ftcmexico.com\/en\/applicacion\/","og_site_name":"Bombas v\u00e1lvulas intercambiadores de calor | FTC M\u00e9xico","article_modified_time":"2020-03-30T12:36:51+00:00","twitter_card":"summary_large_image","twitter_misc":{"Est. reading time":"1 minute"},"schema":{"@context":"https:\/\/schema.org","@graph":[{"@type":"WebPage","@id":"https:\/\/www.ftcmexico.com\/en\/applicacion\/","url":"https:\/\/www.ftcmexico.com\/en\/applicacion\/","name":"Applicacion - Bombas v\u00e1lvulas intercambiadores de calor | FTC M\u00e9xico","isPartOf":{"@id":"https:\/\/www.ftcmexico.com\/#website"},"datePublished":"2018-02-07T09:27:25+00:00","dateModified":"2020-03-30T12:36:51+00:00","description":"Pumps valves lobe pumps heat exchangers, hygienic components for the food, beverage and pharmaceutical industries. Ftc M\u00e9xico","breadcrumb":{"@id":"https:\/\/www.ftcmexico.com\/en\/applicacion\/#breadcrumb"},"inLanguage":"en-US","potentialAction":[{"@type":"ReadAction","target":["https:\/\/www.ftcmexico.com\/en\/applicacion\/"]}]},{"@type":"BreadcrumbList","@id":"https:\/\/www.ftcmexico.com\/en\/applicacion\/#breadcrumb","itemListElement":[{"@type":"ListItem","position":1,"name":"Home","item":"https:\/\/www.ftcmexico.com\/en\/"},{"@type":"ListItem","position":2,"name":"Applicacion"}]},{"@type":"WebSite","@id":"https:\/\/www.ftcmexico.com\/#website","url":"https:\/\/www.ftcmexico.com\/","name":"Distribuidores en Mexico y Centroamerica de Valvulas Bardiani, Bombas centr\u00edfugas y volum\u00e9tricas marca CSF y bombas de l\u00f3bulos marca OMAC, intercambiadores de calor marca MBS para la industria","description":"Pompe centrifughe, volumetriche ed accessori","publisher":{"@id":"https:\/\/www.ftcmexico.com\/#organization"},"potentialAction":[{"@type":"SearchAction","target":{"@type":"EntryPoint","urlTemplate":"https:\/\/www.ftcmexico.com\/?s={search_term_string}"},"query-input":{"@type":"PropertyValueSpecification","valueRequired":true,"valueName":"search_term_string"}}],"inLanguage":"en-US"},{"@type":"Organization","@id":"https:\/\/www.ftcmexico.com\/#organization","name":"FLOW TECHNOLOGIES COMPONENTS MEXICO","url":"https:\/\/www.ftcmexico.com\/","logo":{"@type":"ImageObject","inLanguage":"en-US","@id":"https:\/\/www.ftcmexico.com\/#\/schema\/logo\/image\/","url":"https:\/\/www.ftcmexico.com\/wp-content\/uploads\/2019\/06\/log-ftc-2.png","contentUrl":"https:\/\/www.ftcmexico.com\/wp-content\/uploads\/2019\/06\/log-ftc-2.png","width":251,"height":92,"caption":"FLOW TECHNOLOGIES COMPONENTS MEXICO"},"image":{"@id":"https:\/\/www.ftcmexico.com\/#\/schema\/logo\/image\/"},"sameAs":["https:\/\/www.linkedin.com\/company\/flow-technology-components-mexico"]}]}},"_links":{"self":[{"href":"https:\/\/www.ftcmexico.com\/en\/wp-json\/wp\/v2\/pages\/7348","targetHints":{"allow":["GET"]}}],"collection":[{"href":"https:\/\/www.ftcmexico.com\/en\/wp-json\/wp\/v2\/pages"}],"about":[{"href":"https:\/\/www.ftcmexico.com\/en\/wp-json\/wp\/v2\/types\/page"}],"author":[{"embeddable":true,"href":"https:\/\/www.ftcmexico.com\/en\/wp-json\/wp\/v2\/users\/1"}],"replies":[{"embeddable":true,"href":"https:\/\/www.ftcmexico.com\/en\/wp-json\/wp\/v2\/comments?post=7348"}],"version-history":[{"count":19,"href":"https:\/\/www.ftcmexico.com\/en\/wp-json\/wp\/v2\/pages\/7348\/revisions"}],"predecessor-version":[{"id":13154,"href":"https:\/\/www.ftcmexico.com\/en\/wp-json\/wp\/v2\/pages\/7348\/revisions\/13154"}],"wp:attachment":[{"href":"https:\/\/www.ftcmexico.com\/en\/wp-json\/wp\/v2\/media?parent=7348"}],"curies":[{"name":"wp","href":"https:\/\/api.w.org\/{rel}","templated":true}]}}